{"id":8957,"date":"2025-02-04T21:15:30","date_gmt":"2025-02-04T20:15:30","guid":{"rendered":"https:\/\/klimaatcoalitie.be\/?page_id=8957"},"modified":"2025-06-13T09:09:23","modified_gmt":"2025-06-13T07:09:23","slug":"faq-marche-climat","status":"publish","type":"page","link":"https:\/\/klimaatcoalitie-coalitionclimat.be\/fr\/marche-climat-old\/faq-marche-climat\/","title":{"rendered":"FAQ 2025"},"content":{"rendered":"\n<div class=\"wp-block-getwid-accordion has-icon-left\" data-active-element=\"none\">\n<div class=\"wp-block-getwid-accordion__header-wrapper\"><span class=\"wp-block-getwid-accordion__header\"><a href=\"#\"><span class=\"wp-block-getwid-accordion__header-title\"><strong>Qu\u2019est-ce que La MARCHE CLIMAT&nbsp; ?<\/strong><\/span><span class=\"wp-block-getwid-accordion__icon is-active\"><i class=\"fas fa-plus\"><\/i><\/span><span class=\"wp-block-getwid-accordion__icon is-passive\"><i class=\"fas fa-minus\"><\/i><\/span><\/a><\/span><\/div><div class=\"wp-block-getwid-accordion__content-wrapper\"><div class=\"wp-block-getwid-accordion__content\">\n<p>La MARCHE CLIMAT, c\u2019est&nbsp;<\/p>\n\n\n\n<ul class=\"wp-block-list\">\n<li>une mise en lumi\u00e8re<strong> des enjeux et des solutions&nbsp;<\/strong><\/li>\n\n\n\n<li>une <strong>manifestation pacifique<\/strong> pour tous les \u00e2ges&nbsp;<\/li>\n\n\n\n<li>un lieu o\u00f9 on <strong>envoie des messages <\/strong>sous toutes formes : des panneaux, des d\u00e9guisements, des animations, de la musique, des jongleries, des danses, tout est bon pour \u00eatre vus,<\/li>\n\n\n\n<li>un moment pour <strong>sensibiliser le public<\/strong>, informer tout le monde gr\u00e2ce aux <strong>m\u00e9dias<\/strong>,<\/li>\n\n\n\n<li>une action cl\u00e9 pour faire <strong>pression sur les d\u00e9cideurs politiques<\/strong><\/li>\n<\/ul>\n<\/div><\/div>\n\n\n\n<div class=\"wp-block-getwid-accordion__header-wrapper\"><span class=\"wp-block-getwid-accordion__header\"><a href=\"#\"><span class=\"wp-block-getwid-accordion__header-title\"><strong>Qui organise La MARCHE CLIMAT en Belgique ?<\/strong><\/span><span class=\"wp-block-getwid-accordion__icon is-active\"><i class=\"fas fa-plus\"><\/i><\/span><span class=\"wp-block-getwid-accordion__icon is-passive\"><i class=\"fas fa-minus\"><\/i><\/span><\/a><\/span><\/div><div class=\"wp-block-getwid-accordion__content-wrapper\"><div class=\"wp-block-getwid-accordion__content\">\n<p><strong>Une fois par an la Coalition Climat <\/strong>qui regroupe plus de 100 organisations se charge de les rassembler autour d\u2019une date et d&rsquo;une th\u00e9matique commune, pour monter dans la rue et faire La <strong>MARCHE CLIMAT<\/strong>.<\/p>\n\n\n\n<p><\/p>\n\n\n\n<p>Cette marche est donc organis\u00e9e <strong>collectivement<\/strong> avec un travail de pr\u00e9paration en amont et un <strong>suivi politique ensuite.<\/strong> Parfois, d\u2019autres collectifs ou organisations pr\u00e9parent des marches ou des \u00e9v\u00e9nements, restez attentifs.ves. pour y participer aussi.<\/p>\n<\/div><\/div>\n\n\n\n<div class=\"wp-block-getwid-accordion__header-wrapper\"><span class=\"wp-block-getwid-accordion__header\"><a href=\"#\"><span class=\"wp-block-getwid-accordion__header-title\"><strong>Qui peut participer \u00e0 La MARCHE CLIMAT ?<\/strong><\/span><span class=\"wp-block-getwid-accordion__icon is-active\"><i class=\"fas fa-plus\"><\/i><\/span><span class=\"wp-block-getwid-accordion__icon is-passive\"><i class=\"fas fa-minus\"><\/i><\/span><\/a><\/span><\/div><div class=\"wp-block-getwid-accordion__content-wrapper\"><div class=\"wp-block-getwid-accordion__content\">\n<p><strong>Tout le monde<\/strong> est le bienvenu \u00e0 La MARCHE CLIMAT. C\u2019est une mobilisation <strong>interg\u00e9n\u00e9rationnelle<\/strong> qui permet \u00e0 chacun.e.s d\u2019exprimer son besoin, ses demandes, ses priorit\u00e9s, selon son angle de vue et son \u00e2ge.&nbsp;<\/p>\n\n\n\n<p><\/p>\n\n\n\n<p>En 2023, un <strong>arri\u00e8re-grand-p\u00e8re de 99 ans <\/strong>\u00e9tait le leader de la marche, en 2022 c\u2019\u00e9tait des <strong>leaders de communaut\u00e9s indig\u00e8nes<\/strong> des for\u00eats amazoniennes\u2026&nbsp;<\/p>\n\n\n\n<p><\/p>\n\n\n\n<p>Et vous ? C&rsquo;est quoi qui vous fait marcher pour le climat ?<\/p>\n<\/div><\/div>\n\n\n\n<div class=\"wp-block-getwid-accordion__header-wrapper\"><span class=\"wp-block-getwid-accordion__header\"><a href=\"#\"><span class=\"wp-block-getwid-accordion__header-title\"><strong>Comment puis-je participer \u00e0 une marche pour le climat ?<\/strong><\/span><span class=\"wp-block-getwid-accordion__icon is-active\"><i class=\"fas fa-plus\"><\/i><\/span><span class=\"wp-block-getwid-accordion__icon is-passive\"><i class=\"fas fa-minus\"><\/i><\/span><\/a><\/span><\/div><div class=\"wp-block-getwid-accordion__content-wrapper\"><div class=\"wp-block-getwid-accordion__content\">\n<p><strong>Entre amis\/coll\u00e8gues:<\/strong> Avec une pancarte &#8211; un d\u00e9guisement &#8211; un symbole&nbsp;<\/p>\n\n\n\n<p><strong>Cr\u00e9er une clique <\/strong>:<a href=\"https:\/\/klimaatcoalitie-coalitionclimat.be\/cliques-2025-vas-y\/\" target=\"_blank\" rel=\"noreferrer noopener\"> regarde ici<\/a><a href=\"https:\/\/klimaatcoalitie-coalitionclimat.be\/groupes\/\" target=\"_blank\" rel=\"noreferrer noopener\"> <\/a>comment faire ? <\/p>\n\n\n\n<p><strong>Le jour J<\/strong> :&nbsp;<\/p>\n\n\n\n<ul class=\"wp-block-list\">\n<li>Arriv\u00e9e \u00e0 partir de midi, il y aura de l\u2019ambiance.&nbsp;<\/li>\n\n\n\n<li>Suivre les consignes de s\u00e9curit\u00e9 pour le bon d\u00e9roulement de la marche.<\/li>\n\n\n\n<li>Marcher dans une ambiance pacifique et positive pour faire passer nos messages !<\/li>\n<\/ul>\n\n\n\n<p>PS: Pr\u00e9voir gourde et collations &amp; une tenue confortable adapt\u00e9e \u00e0 la m\u00e9t\u00e9o.<\/p>\n<\/div><\/div>\n\n\n\n<div class=\"wp-block-getwid-accordion__header-wrapper\"><span class=\"wp-block-getwid-accordion__header\"><a href=\"#\"><span class=\"wp-block-getwid-accordion__header-title\"><strong>Comment communiquer sur La MARCHE CLIMAT&nbsp; ?<\/strong><\/span><span class=\"wp-block-getwid-accordion__icon is-active\"><i class=\"fas fa-plus\"><\/i><\/span><span class=\"wp-block-getwid-accordion__icon is-passive\"><i class=\"fas fa-minus\"><\/i><\/span><\/a><\/span><\/div><div class=\"wp-block-getwid-accordion__content-wrapper\"><div class=\"wp-block-getwid-accordion__content\">\n<p><strong>Avant la marche,<\/strong> t\u00e9l\u00e9charger ou aller chercher et partager les visuels, <a href=\"https:\/\/www.canva.com\/design\/DAGc_irfsIc\/JvZcLq27FOmJmC_pt3EuWQ\/edit?utm_content=DAGc_irfsIc&amp;utm_campaign=designshare&amp;utm_medium=link2&amp;utm_source=sharebutton\" target=\"_blank\" rel=\"noreferrer noopener\">l\u2019affiche<\/a>, rejoindre une team flyering.&nbsp;<\/p>\n\n\n\n<p><\/p>\n\n\n\n<p><strong>Le jour J&nbsp; et +<\/strong> : Partager ton exp\u00e9rience, photos ou des vid\u00e9os sur les r\u00e9seaux sociaux pour inspirer d\u2019autres personnes \u00e0 nous rejoindre au moment m\u00eame ou l\u2019an prochain.<\/p>\n\n\n\n<p><\/p>\n\n\n\n<p>#chaquedixi\u00e8mededegr\u00e9compte #marcheclimat2025<\/p>\n<\/div><\/div>\n\n\n\n<div class=\"wp-block-getwid-accordion__header-wrapper\"><span class=\"wp-block-getwid-accordion__header\"><a href=\"#\"><span class=\"wp-block-getwid-accordion__header-title\"><strong>Une marche pour le climat a-t-elle vraiment un impact ?<\/strong><\/span><span class=\"wp-block-getwid-accordion__icon is-active\"><i class=\"fas fa-plus\"><\/i><\/span><span class=\"wp-block-getwid-accordion__icon is-passive\"><i class=\"fas fa-minus\"><\/i><\/span><\/a><\/span><\/div><div class=\"wp-block-getwid-accordion__content-wrapper\"><div class=\"wp-block-getwid-accordion__content\">\n<p>Oui, une marche pour le climat peut avoir un impact significatif, m\u00eame si ses effets ne sont pas toujours imm\u00e9diats. Voici pourquoi :<\/p>\n\n\n\n<ul class=\"wp-block-list\">\n<li><strong>Impact \u00e0 long terme<\/strong> : change progressivement les mentalit\u00e9s, les politiques et les pratiques \u00e9conomiques.<\/li>\n<\/ul>\n\n\n\n<ul class=\"wp-block-list\">\n<li><strong>Sensibilisation du public<\/strong> : attention des m\u00e9dias et du public<\/li>\n<\/ul>\n\n\n\n<ul class=\"wp-block-list\">\n<li><strong>Pression sur les d\u00e9cideurs politiques<\/strong> : influencer les d\u00e9cisions politiques<\/li>\n<\/ul>\n\n\n\n<ul class=\"wp-block-list\">\n<li><strong>Unit\u00e9 et inspiration<\/strong> : sentiment de solidarit\u00e9<\/li>\n<\/ul>\n\n\n\n<ul class=\"wp-block-list\">\n<li><strong>Changements concrets<\/strong> : conduit \u00e0 des avanc\u00e9es concr\u00e8tes. Par exemple,le soutien au <a href=\"https:\/\/commission.europa.eu\/strategy-and-policy\/priorities-2019-2024\/european-green-deal_fr\"><strong>Green Deal europ\u00e9en<\/strong>.<\/a><\/li>\n<\/ul>\n<\/div><\/div>\n\n\n\n<div class=\"wp-block-getwid-accordion__header-wrapper\"><span class=\"wp-block-getwid-accordion__header\"><a href=\"#\"><span class=\"wp-block-getwid-accordion__header-title\"><strong>Pourquoi y participer, quel que soit son \u00e2ge ou son engagement ?<\/strong><\/span><span class=\"wp-block-getwid-accordion__icon is-active\"><i class=\"fas fa-plus\"><\/i><\/span><span class=\"wp-block-getwid-accordion__icon is-passive\"><i class=\"fas fa-minus\"><\/i><\/span><\/a><\/span><\/div><div class=\"wp-block-getwid-accordion__content-wrapper\"><div class=\"wp-block-getwid-accordion__content\">\n<ul class=\"wp-block-list\">\n<li>Pour montrer que la lutte contre le changement climatique est une <strong>cause collective<\/strong>.<\/li>\n\n\n\n<li>Pour inspirer et apprendre des <strong>autres g\u00e9n\u00e9rations.<\/strong><\/li>\n\n\n\n<li>Pour <strong>unir des voix<\/strong> diverses et envoyer un message encore plus fort aux d\u00e9cideurs politiques<\/li>\n\n\n\n<li>En bref, les marches pour le climat sont un espace inclusif o\u00f9 <strong>chacun peut jouer un r\u00f4le<\/strong>, peu importe son \u00e2ge ou son parcours<\/li>\n<\/ul>\n<\/div><\/div>\n\n\n\n<div class=\"wp-block-getwid-accordion__header-wrapper\"><span class=\"wp-block-getwid-accordion__header\"><a href=\"#\"><span class=\"wp-block-getwid-accordion__header-title\"><strong>\u00c7a sert vraiment \u00e0 quelque chose d\u2019aller marcher ?<\/strong><\/span><span class=\"wp-block-getwid-accordion__icon is-active\"><i class=\"fas fa-plus\"><\/i><\/span><span class=\"wp-block-getwid-accordion__icon is-passive\"><i class=\"fas fa-minus\"><\/i><\/span><\/a><\/span><\/div><div class=\"wp-block-getwid-accordion__content-wrapper\"><div class=\"wp-block-getwid-accordion__content\">\n<p>Bien s\u00fbr! Et chaque jour, un peu plus!&nbsp;<\/p>\n\n\n\n<p><strong>Pour la petite histoire (si tu es n\u00e9.e apr\u00e8s 2010)<\/strong><\/p>\n\n\n\n<p><\/p>\n\n\n\n<p><strong>Deux types de mobilisations ont eu lieu: <\/strong><\/p>\n\n\n\n<p>D&rsquo;une part les marches en rue suivie par toutes les g\u00e9n\u00e9rations les samedis et d\u2019autre part, celles des jeunes &amp; leur mouvement de gr\u00e8ve de l\u2019\u00e9cole (et oui ! tous les vendredis, au lieu d\u2019aller en classe, ils allaient eux aussi marcher dans la rue &#8211; Cela s\u2019appelle Fridays for future &#8211; ils ont rien l\u00e2ch\u00e9 et ont affirm\u00e9 qu\u2019il ne servait \u00e0 rien d\u2019\u00e9tudier sur une plan\u00e8te en danger). <\/p>\n\n\n\n<p>Ces mobilisations ont permis, <em>alors que c\u2019\u00e9tait impensable \u00e0 l\u2019\u00e9poque<\/em> de mettre le climat \u00e0 l\u2019agenda politique gr\u00e2ce \u00e0 des ann\u00e9es de mobilisation et de sensibilisation de longue haleine et au tournant massif des marches pour le climat en 2018 et 2019 (si tu \u00e9tais pas n\u00e9 ou enfant: on a \u00e9t\u00e9 des dizaines de milliers de personnes, jeunes et moins jeunes, dans la rue pendant des mois pour demander que l\u2019urgence climatique devienne une priorit\u00e9 pour nos responsables politiques) <\/p>\n\n\n\n<p><\/p>\n\n\n\n<p><a href=\"https:\/\/www.instagram.com\/reel\/CqVjdhdI1RX\/?utm_source=ig_web_copy_link&amp;igsh=MzRlODBiNWFlZA==\">Regarde ici Ad\u00e9la\u00efde Charlier t\u2019explique ce que cela a eu comme impact.&nbsp;<\/a><\/p>\n\n\n\n<p><\/p>\n\n\n<h2 class=\"wp-block-heading\" id=\"et-aujourdhui-on-dirait-quils-sont-passes-a-autre-chose-nbsp\"><strong>Et aujourd\u2019hui, on dirait qu\u2019ils sont pass\u00e9s \u00e0 autre chose\u2026 ? <\/strong><\/h2>\n\n\n<p><strong>Alors plus que jamais nous avons besoin que les sujets autour du climat reviennent au-devant de la sc\u00e8ne !&nbsp;<\/strong><\/p>\n\n\n\n<p>C\u2019est pour \u00e7a que nous continuons de nous MOBILISER, c\u2019est pour \u00e7a qu\u2019on a besoin de TOI, de VOUS, de chacun.e d\u2019entre NOUS.<\/p>\n\n\n\n<p>En tout cas, \u00e7a sert toujours plus que de rester dans ton lit ou ton canap\u00e9 !<\/p>\n\n\n\n<p><\/p>\n\n\n\n<p>Photo @julieflam @krasnyi collective<\/p>\n\n\n\n<figure class=\"wp-block-gallery has-nested-images columns-default is-cropped wp-block-gallery-1 is-layout-flex wp-block-gallery-is-layout-flex\">\n<figure class=\"wp-block-image size-large\"><img loading=\"lazy\" decoding=\"async\" width=\"1024\" height=\"683\" data-id=\"8772\" src=\"https:\/\/klimaatcoalitie-coalitionclimat.be\/wp-content\/uploads\/2025\/02\/231203-marcheclimat-jf-1-1024x683.jpg\" alt=\"\" class=\"wp-image-8772\" srcset=\"https:\/\/klimaatcoalitie-coalitionclimat.be\/wp-content\/uploads\/2025\/02\/231203-marcheclimat-jf-1-1024x683.jpg 1024w, https:\/\/klimaatcoalitie-coalitionclimat.be\/wp-content\/uploads\/2025\/02\/231203-marcheclimat-jf-1-300x200.jpg 300w, https:\/\/klimaatcoalitie-coalitionclimat.be\/wp-content\/uploads\/2025\/02\/231203-marcheclimat-jf-1-768x512.jpg 768w, https:\/\/klimaatcoalitie-coalitionclimat.be\/wp-content\/uploads\/2025\/02\/231203-marcheclimat-jf-1-1536x1025.jpg 1536w, https:\/\/klimaatcoalitie-coalitionclimat.be\/wp-content\/uploads\/2025\/02\/231203-marcheclimat-jf-1-750x500.jpg 750w, https:\/\/klimaatcoalitie-coalitionclimat.be\/wp-content\/uploads\/2025\/02\/231203-marcheclimat-jf-1-500x334.jpg 500w, https:\/\/klimaatcoalitie-coalitionclimat.be\/wp-content\/uploads\/2025\/02\/231203-marcheclimat-jf-1-1850x1234.jpg 1850w, https:\/\/klimaatcoalitie-coalitionclimat.be\/wp-content\/uploads\/2025\/02\/231203-marcheclimat-jf-1.jpg 1920w\" sizes=\"auto, (max-width: 1024px) 100vw, 1024px\" \/><\/figure>\n<\/figure>\n<\/div><\/div>\n\n\n\n<div class=\"wp-block-getwid-accordion__header-wrapper\"><span class=\"wp-block-getwid-accordion__header\"><a href=\"#\"><span class=\"wp-block-getwid-accordion__header-title\"><strong>J\u2019ai une autre question qui n\u2019est pas list\u00e9e ci-dessus. Comment je fais ?<\/strong><\/span><span class=\"wp-block-getwid-accordion__icon is-active\"><i class=\"fas fa-plus\"><\/i><\/span><span class=\"wp-block-getwid-accordion__icon is-passive\"><i class=\"fas fa-minus\"><\/i><\/span><\/a><\/span><\/div><div class=\"wp-block-getwid-accordion__content-wrapper\"><div class=\"wp-block-getwid-accordion__content\">\n<p>Pas de soucis. Envoyez un e-mail \u00e0&nbsp;<a href=\"mailto:info@coalitionclimat.be\">info@coalitionclimat.be<\/a><\/p>\n<\/div><\/div>\n<\/div>\n","protected":false},"excerpt":{"rendered":"","protected":false},"author":1,"featured_media":0,"parent":8810,"menu_order":0,"comment_status":"closed","ping_status":"closed","template":"template-full-width-narrow.php","meta":{"_acf_changed":false,"inline_featured_image":false,"_EventAllDay":false,"_EventTimezone":"","_EventStartDate":"","_EventEndDate":"","_EventStartDateUTC":"","_EventEndDateUTC":"","_EventShowMap":false,"_EventShowMapLink":false,"_EventURL":"","_EventCost":"","_EventCostDescription":"","_EventCurrencySymbol":"","_EventCurrencyCode":"","_EventCurrencyPosition":"","_EventDateTimeSeparator":"","_EventTimeRangeSeparator":"","_EventOrganizerID":[],"_EventVenueID":[],"_OrganizerEmail":"","_OrganizerPhone":"","_OrganizerWebsite":"","_VenueAddress":"","_VenueCity":"","_VenueCountry":"","_VenueProvince":"","_VenueState":"","_VenueZip":"","_VenuePhone":"","_VenueURL":"","_VenueStateProvince":"","_VenueLat":"","_VenueLng":"","_VenueShowMap":false,"_VenueShowMapLink":false,"footnotes":""},"class_list":["post-8957","page","type-page","status-publish","hentry"],"acf":[],"yoast_head":"<!-- This site is optimized with the Yoast SEO plugin v27.2 - https:\/\/yoast.com\/product\/yoast-seo-wordpress\/ -->\n<title>FAQ 2025 - Coalition Climat<\/title>\n<meta name=\"robots\" content=\"index, follow, max-snippet:-1, max-image-preview:large, max-video-preview:-1\" \/>\n<link rel=\"canonical\" href=\"https:\/\/klimaatcoalitie-coalitionclimat.be\/fr\/marche-climat-old\/faq-marche-climat\/\" \/>\n<meta property=\"og:locale\" content=\"fr_FR\" \/>\n<meta property=\"og:type\" content=\"article\" \/>\n<meta property=\"og:title\" content=\"FAQ 2025 - Coalition Climat\" \/>\n<meta property=\"og:url\" content=\"https:\/\/klimaatcoalitie-coalitionclimat.be\/fr\/marche-climat-old\/faq-marche-climat\/\" \/>\n<meta property=\"og:site_name\" content=\"Coalition Climat\" \/>\n<meta property=\"article:modified_time\" content=\"2025-06-13T07:09:23+00:00\" \/>\n<meta property=\"og:image\" content=\"https:\/\/klimaatcoalitie-coalitionclimat.be\/wp-content\/uploads\/2025\/02\/231203-marcheclimat-jf-1-1024x683.jpg\" \/>\n<meta name=\"twitter:card\" content=\"summary_large_image\" \/>\n<meta name=\"twitter:label1\" content=\"Dur\u00e9e de lecture estim\u00e9e\" \/>\n\t<meta name=\"twitter:data1\" content=\"5 minutes\" \/>\n<script type=\"application\/ld+json\" class=\"yoast-schema-graph\">{\"@context\":\"https:\/\/schema.org\",\"@graph\":[{\"@type\":\"WebPage\",\"@id\":\"https:\/\/klimaatcoalitie-coalitionclimat.be\/fr\/marche-climat-old\/faq-marche-climat\/\",\"url\":\"https:\/\/klimaatcoalitie-coalitionclimat.be\/fr\/marche-climat-old\/faq-marche-climat\/\",\"name\":\"FAQ 2025 - Coalition Climat\",\"isPartOf\":{\"@id\":\"https:\/\/klimaatcoalitie-coalitionclimat.be\/fr\/#website\"},\"primaryImageOfPage\":{\"@id\":\"https:\/\/klimaatcoalitie-coalitionclimat.be\/fr\/marche-climat-old\/faq-marche-climat\/#primaryimage\"},\"image\":{\"@id\":\"https:\/\/klimaatcoalitie-coalitionclimat.be\/fr\/marche-climat-old\/faq-marche-climat\/#primaryimage\"},\"thumbnailUrl\":\"https:\/\/klimaatcoalitie-coalitionclimat.be\/wp-content\/uploads\/2025\/02\/231203-marcheclimat-jf-1-1024x683.jpg\",\"datePublished\":\"2025-02-04T20:15:30+00:00\",\"dateModified\":\"2025-06-13T07:09:23+00:00\",\"breadcrumb\":{\"@id\":\"https:\/\/klimaatcoalitie-coalitionclimat.be\/fr\/marche-climat-old\/faq-marche-climat\/#breadcrumb\"},\"inLanguage\":\"fr-FR\",\"potentialAction\":[{\"@type\":\"ReadAction\",\"target\":[\"https:\/\/klimaatcoalitie-coalitionclimat.be\/fr\/marche-climat-old\/faq-marche-climat\/\"]}]},{\"@type\":\"ImageObject\",\"inLanguage\":\"fr-FR\",\"@id\":\"https:\/\/klimaatcoalitie-coalitionclimat.be\/fr\/marche-climat-old\/faq-marche-climat\/#primaryimage\",\"url\":\"https:\/\/klimaatcoalitie-coalitionclimat.be\/wp-content\/uploads\/2025\/02\/231203-marcheclimat-jf-1-1024x683.jpg\",\"contentUrl\":\"https:\/\/klimaatcoalitie-coalitionclimat.be\/wp-content\/uploads\/2025\/02\/231203-marcheclimat-jf-1-1024x683.jpg\"},{\"@type\":\"BreadcrumbList\",\"@id\":\"https:\/\/klimaatcoalitie-coalitionclimat.be\/fr\/marche-climat-old\/faq-marche-climat\/#breadcrumb\",\"itemListElement\":[{\"@type\":\"ListItem\",\"position\":1,\"name\":\"Accueil\",\"item\":\"https:\/\/klimaatcoalitie-coalitionclimat.be\/fr\/\"},{\"@type\":\"ListItem\",\"position\":2,\"name\":\"MARCHE CLIMAT 5\/10\/2025 OLD\",\"item\":\"https:\/\/klimaatcoalitie-coalitionclimat.be\/fr\/?page_id=8811\"},{\"@type\":\"ListItem\",\"position\":3,\"name\":\"FAQ 2025\"}]},{\"@type\":\"WebSite\",\"@id\":\"https:\/\/klimaatcoalitie-coalitionclimat.be\/fr\/#website\",\"url\":\"https:\/\/klimaatcoalitie-coalitionclimat.be\/fr\/\",\"name\":\"Coalition Climat\",\"description\":\"Verenigt, versterkt en mobiliseert iedereen in Belgi&euml; die ijvert voor een leefbaar klimaat.\",\"publisher\":{\"@id\":\"https:\/\/klimaatcoalitie-coalitionclimat.be\/fr\/#organization\"},\"potentialAction\":[{\"@type\":\"SearchAction\",\"target\":{\"@type\":\"EntryPoint\",\"urlTemplate\":\"https:\/\/klimaatcoalitie-coalitionclimat.be\/fr\/?s={search_term_string}\"},\"query-input\":{\"@type\":\"PropertyValueSpecification\",\"valueRequired\":true,\"valueName\":\"search_term_string\"}}],\"inLanguage\":\"fr-FR\"},{\"@type\":\"Organization\",\"@id\":\"https:\/\/klimaatcoalitie-coalitionclimat.be\/fr\/#organization\",\"name\":\"Coalition Climat\",\"url\":\"https:\/\/klimaatcoalitie-coalitionclimat.be\/fr\/\",\"logo\":{\"@type\":\"ImageObject\",\"inLanguage\":\"fr-FR\",\"@id\":\"https:\/\/klimaatcoalitie-coalitionclimat.be\/fr\/#\/schema\/logo\/image\/\",\"url\":\"https:\/\/klimaatcoalitie-coalitionclimat.be\/wp-content\/uploads\/2023\/07\/logo-sticker-full.svg\",\"contentUrl\":\"https:\/\/klimaatcoalitie-coalitionclimat.be\/wp-content\/uploads\/2023\/07\/logo-sticker-full.svg\",\"width\":297,\"height\":98,\"caption\":\"Coalition Climat\"},\"image\":{\"@id\":\"https:\/\/klimaatcoalitie-coalitionclimat.be\/fr\/#\/schema\/logo\/image\/\"}}]}<\/script>\n<!-- \/ Yoast SEO plugin. -->","yoast_head_json":{"title":"FAQ 2025 - Coalition Climat","robots":{"index":"index","follow":"follow","max-snippet":"max-snippet:-1","max-image-preview":"max-image-preview:large","max-video-preview":"max-video-preview:-1"},"canonical":"https:\/\/klimaatcoalitie-coalitionclimat.be\/fr\/marche-climat-old\/faq-marche-climat\/","og_locale":"fr_FR","og_type":"article","og_title":"FAQ 2025 - Coalition Climat","og_url":"https:\/\/klimaatcoalitie-coalitionclimat.be\/fr\/marche-climat-old\/faq-marche-climat\/","og_site_name":"Coalition Climat","article_modified_time":"2025-06-13T07:09:23+00:00","og_image":[{"url":"https:\/\/klimaatcoalitie-coalitionclimat.be\/wp-content\/uploads\/2025\/02\/231203-marcheclimat-jf-1-1024x683.jpg","type":"","width":"","height":""}],"twitter_card":"summary_large_image","twitter_misc":{"Dur\u00e9e de lecture estim\u00e9e":"5 minutes"},"schema":{"@context":"https:\/\/schema.org","@graph":[{"@type":"WebPage","@id":"https:\/\/klimaatcoalitie-coalitionclimat.be\/fr\/marche-climat-old\/faq-marche-climat\/","url":"https:\/\/klimaatcoalitie-coalitionclimat.be\/fr\/marche-climat-old\/faq-marche-climat\/","name":"FAQ 2025 - Coalition Climat","isPartOf":{"@id":"https:\/\/klimaatcoalitie-coalitionclimat.be\/fr\/#website"},"primaryImageOfPage":{"@id":"https:\/\/klimaatcoalitie-coalitionclimat.be\/fr\/marche-climat-old\/faq-marche-climat\/#primaryimage"},"image":{"@id":"https:\/\/klimaatcoalitie-coalitionclimat.be\/fr\/marche-climat-old\/faq-marche-climat\/#primaryimage"},"thumbnailUrl":"https:\/\/klimaatcoalitie-coalitionclimat.be\/wp-content\/uploads\/2025\/02\/231203-marcheclimat-jf-1-1024x683.jpg","datePublished":"2025-02-04T20:15:30+00:00","dateModified":"2025-06-13T07:09:23+00:00","breadcrumb":{"@id":"https:\/\/klimaatcoalitie-coalitionclimat.be\/fr\/marche-climat-old\/faq-marche-climat\/#breadcrumb"},"inLanguage":"fr-FR","potentialAction":[{"@type":"ReadAction","target":["https:\/\/klimaatcoalitie-coalitionclimat.be\/fr\/marche-climat-old\/faq-marche-climat\/"]}]},{"@type":"ImageObject","inLanguage":"fr-FR","@id":"https:\/\/klimaatcoalitie-coalitionclimat.be\/fr\/marche-climat-old\/faq-marche-climat\/#primaryimage","url":"https:\/\/klimaatcoalitie-coalitionclimat.be\/wp-content\/uploads\/2025\/02\/231203-marcheclimat-jf-1-1024x683.jpg","contentUrl":"https:\/\/klimaatcoalitie-coalitionclimat.be\/wp-content\/uploads\/2025\/02\/231203-marcheclimat-jf-1-1024x683.jpg"},{"@type":"BreadcrumbList","@id":"https:\/\/klimaatcoalitie-coalitionclimat.be\/fr\/marche-climat-old\/faq-marche-climat\/#breadcrumb","itemListElement":[{"@type":"ListItem","position":1,"name":"Accueil","item":"https:\/\/klimaatcoalitie-coalitionclimat.be\/fr\/"},{"@type":"ListItem","position":2,"name":"MARCHE CLIMAT 5\/10\/2025 OLD","item":"https:\/\/klimaatcoalitie-coalitionclimat.be\/fr\/?page_id=8811"},{"@type":"ListItem","position":3,"name":"FAQ 2025"}]},{"@type":"WebSite","@id":"https:\/\/klimaatcoalitie-coalitionclimat.be\/fr\/#website","url":"https:\/\/klimaatcoalitie-coalitionclimat.be\/fr\/","name":"Coalition Climat","description":"Verenigt, versterkt en mobiliseert iedereen in Belgi&euml; die ijvert voor een leefbaar klimaat.","publisher":{"@id":"https:\/\/klimaatcoalitie-coalitionclimat.be\/fr\/#organization"},"potentialAction":[{"@type":"SearchAction","target":{"@type":"EntryPoint","urlTemplate":"https:\/\/klimaatcoalitie-coalitionclimat.be\/fr\/?s={search_term_string}"},"query-input":{"@type":"PropertyValueSpecification","valueRequired":true,"valueName":"search_term_string"}}],"inLanguage":"fr-FR"},{"@type":"Organization","@id":"https:\/\/klimaatcoalitie-coalitionclimat.be\/fr\/#organization","name":"Coalition Climat","url":"https:\/\/klimaatcoalitie-coalitionclimat.be\/fr\/","logo":{"@type":"ImageObject","inLanguage":"fr-FR","@id":"https:\/\/klimaatcoalitie-coalitionclimat.be\/fr\/#\/schema\/logo\/image\/","url":"https:\/\/klimaatcoalitie-coalitionclimat.be\/wp-content\/uploads\/2023\/07\/logo-sticker-full.svg","contentUrl":"https:\/\/klimaatcoalitie-coalitionclimat.be\/wp-content\/uploads\/2023\/07\/logo-sticker-full.svg","width":297,"height":98,"caption":"Coalition Climat"},"image":{"@id":"https:\/\/klimaatcoalitie-coalitionclimat.be\/fr\/#\/schema\/logo\/image\/"}}]}},"_links":{"self":[{"href":"https:\/\/klimaatcoalitie-coalitionclimat.be\/fr\/wp-json\/wp\/v2\/pages\/8957","targetHints":{"allow":["GET"]}}],"collection":[{"href":"https:\/\/klimaatcoalitie-coalitionclimat.be\/fr\/wp-json\/wp\/v2\/pages"}],"about":[{"href":"https:\/\/klimaatcoalitie-coalitionclimat.be\/fr\/wp-json\/wp\/v2\/types\/page"}],"author":[{"embeddable":true,"href":"https:\/\/klimaatcoalitie-coalitionclimat.be\/fr\/wp-json\/wp\/v2\/users\/1"}],"replies":[{"embeddable":true,"href":"https:\/\/klimaatcoalitie-coalitionclimat.be\/fr\/wp-json\/wp\/v2\/comments?post=8957"}],"version-history":[{"count":3,"href":"https:\/\/klimaatcoalitie-coalitionclimat.be\/fr\/wp-json\/wp\/v2\/pages\/8957\/revisions"}],"predecessor-version":[{"id":9504,"href":"https:\/\/klimaatcoalitie-coalitionclimat.be\/fr\/wp-json\/wp\/v2\/pages\/8957\/revisions\/9504"}],"up":[{"embeddable":true,"href":"https:\/\/klimaatcoalitie-coalitionclimat.be\/fr\/wp-json\/wp\/v2\/pages\/8810"}],"wp:attachment":[{"href":"https:\/\/klimaatcoalitie-coalitionclimat.be\/fr\/wp-json\/wp\/v2\/media?parent=8957"}],"curies":[{"name":"wp","href":"https:\/\/api.w.org\/{rel}","templated":true}]}}