{"id":3,"date":"2023-06-27T14:09:17","date_gmt":"2023-06-27T12:09:17","guid":{"rendered":"http:\/\/www.klimaatcoalitie.be\/?page_id=3"},"modified":"2025-08-25T10:19:11","modified_gmt":"2025-08-25T08:19:11","slug":"politique-de-confidentialite","status":"publish","type":"page","link":"https:\/\/klimaatcoalitie-coalitionclimat.be\/fr\/politique-de-confidentialite\/","title":{"rendered":"Politique de confidentialit\u00e9"},"content":{"rendered":"\n<p>Cette politique de confidentialit\u00e9 s&rsquo;applique au site Web www.klimaatcoalitie-coalitionclimat.be et \u00e0 tous les services en ligne associ\u00e9s. Cette politique d\u00e9crit comment nous recueillons, utilisons et divulguons vos informations personnelles lorsque vous utilisez notre site Web et nos services.<\/p>\n\n\n<h2 class=\"wp-block-heading\" id=\"qui-sommesnous\">Qui sommes-nous ?<\/h2>\n\n\n<p>La Coalition Climat est une asbl belge situ\u00e9e au 47 rue des deux \u00e9glises. Notre site a \u00e9t\u00e9 d\u00e9velopp\u00e9 sur base d\u2019une instance de&nbsp;<a href=\"https:\/\/wordpress.org\/\" target=\"_blank\" rel=\"noreferrer noopener\">WordPress<\/a>. Ce site ainsi que toutes ses donn\u00e9es sont h\u00e9berg\u00e9s chez Diogenus, participant au bouclier de protection des donn\u00e9es. Vous pouvez nous contacter via les infos en bas de page pour toute question relative \u00e0 la protection de vos donn\u00e9es.<\/p>\n\n\n<h2 class=\"wp-block-heading\" id=\"utilisation-des-donnees-collectees\">Utilisation des donn\u00e9es collect\u00e9es<\/h2>\n\n<h3 class=\"wp-block-heading\" id=\"formulaires\">Formulaires<\/h3>\n\n\n<p>Lorsque vous nous contactez par e-mail, nous collectons votre nom, pr\u00e9nom, adresse e-mail et d&rsquo;autres informations utiles pour identifier l&rsquo;exp\u00e9diteur du message et y r\u00e9pondre. Ces informations sont envoy\u00e9es directement \u00e0 notre bo\u00eete de r\u00e9ception et ne sont pas stock\u00e9es dans la base de donn\u00e9es du site. En soumettant un formulaire, vous consentez \u00e0 l&rsquo;utilisation de vos donn\u00e9es pour l&rsquo;envoi de communications (par exemple, une newsletter). Ces donn\u00e9es sont conserv\u00e9es pendant 24 mois ou jusqu&rsquo;\u00e0 ce que vous demandiez leur suppression.<\/p>\n\n\n<h3 class=\"wp-block-heading\" id=\"liste-de-diffusion\">Liste de diffusion<\/h3>\n\n\n<p>L&rsquo;inscription \u00e0 notre liste de diffusion ajoute votre adresse e-mail, votre nom et votre pr\u00e9nom \u00e0 notre liste de contacts pour recevoir des e-mails informatifs quant \u00e0 nos activit\u00e9s. Vous pouvez vous d\u00e9sinscrire \u00e0 tout moment en cliquant sur le lien de d\u00e9sinscription dans chaque e-mail ou en nous contactant directement.<\/p>\n\n\n<h3 class=\"wp-block-heading\" id=\"contenu-embarque\">Contenu embarqu\u00e9<\/h3>\n\n\n<p>Les articles sur ce site peuvent inclure du contenu int\u00e9gr\u00e9 (vid\u00e9os, images, articles, etc.). Ce contenu se comporte comme si vous visitiez le site Web d&rsquo;origine. Ces sites Web peuvent collecter des donn\u00e9es vous concernant, utiliser des cookies, suivre vos interactions et utiliser ces informations pour am\u00e9liorer leurs services. Nous vous recommandons de consulter les <a href=\"https:\/\/klimaatcoalitie-coalitionclimat.be\/politique-en-matiere-de-cookies\/\">politiques en mati\u00e8re de cookies<\/a> pour plus d&rsquo;informations.<\/p>\n\n\n<h3 class=\"wp-block-heading\" id=\"statistiques-et-mesure-daudience\">Statistiques et mesure d&rsquo;audience<\/h3>\n\n\n<p>Nous utilisons Google Analytics pour suivre les statistiques de notre site Web. Pour plus d&rsquo;informations sur l&rsquo;utilisation des cookies par Google Analytics, veuillez consulter notre page de cookies.<\/p>\n\n\n<h3 class=\"wp-block-heading\" id=\"utilisation-et-transmission-de-vos-donnees-personnelles\">Utilisation et transmission de vos donn\u00e9es personnelles<\/h3>\n\n\n<p>Nous traitons vos donn\u00e9es personnelles uniquement pour les finalit\u00e9s pour lesquelles elles ont \u00e9t\u00e9 collect\u00e9es. Nous les conservons aussi longtemps que n\u00e9cessaire pour atteindre ces finalit\u00e9s ou pour respecter nos obligations l\u00e9gales. Nous pouvons partager vos donn\u00e9es personnelles avec des sous-traitants et des partenaires commerciaux qui nous aident \u00e0 fournir nos services, mais uniquement sous r\u00e9serve de garanties de confidentialit\u00e9 et de s\u00e9curit\u00e9 ad\u00e9quates.<\/p>\n\n\n<h2 class=\"wp-block-heading\" id=\"vos-droits\">Vos droits<\/h2>\n\n\n<p>Vous disposez de plusieurs droits concernant vos donn\u00e9es personnelles, notamment :<\/p>\n\n\n\n<ul class=\"wp-block-list\">\n<li><strong>Droit d&rsquo;acc\u00e8s:<\/strong> Vous avez le droit de savoir si nous traitons vos donn\u00e9es personnelles et, si tel est le cas, d&rsquo;acc\u00e9der \u00e0 ces donn\u00e9es et \u00e0 d&rsquo;autres informations, telles que les finalit\u00e9s du traitement, les destinataires de vos donn\u00e9es et la dur\u00e9e de conservation de vos donn\u00e9es.<\/li>\n\n\n\n<li><strong>Droit de rectification:<\/strong> Vous avez le droit de demander que vos donn\u00e9es personnelles inexactes soient rectifi\u00e9es. Nous sommes tenus de rectifier ces donn\u00e9es d\u00e8s que possible, \u00e0 moins que cela ne pr\u00e9sente des difficult\u00e9s disproportionn\u00e9es.<\/li>\n\n\n\n<li><strong>Droit \u00e0 l&rsquo;effacement:<\/strong> Vous avez le droit de demander l&rsquo;effacement de vos donn\u00e9es personnelles dans certains cas, par exemple si elles ne sont plus n\u00e9cessaires aux fins pour lesquelles elles ont \u00e9t\u00e9 collect\u00e9es ou si vous retirez votre consentement \u00e0 leur traitement. Nous sommes tenus d&rsquo;effacer ces donn\u00e9es d\u00e8s que possible, \u00e0 moins que cela ne pr\u00e9sente des difficult\u00e9s disproportionn\u00e9es.<\/li>\n\n\n\n<li><strong>Droit \u00e0 la limitation du traitement:<\/strong> Vous avez le droit de demander que le traitement de vos donn\u00e9es personnelles soit limit\u00e9 dans certains cas, par exemple si vous contestez l&rsquo;exactitude de vos donn\u00e9es ou si vous attendez que nous examinions votre demande d&rsquo;effacement.<\/li>\n\n\n\n<li><strong>Droit d&rsquo;opposition au traitement:<\/strong> Vous avez le droit de vous opposer au traitement de vos donn\u00e9es personnelles dans certains cas, par exemple si elles sont trait\u00e9es \u00e0 des fins de marketing direct.<\/li>\n\n\n\n<li><strong>Droit \u00e0 la portabilit\u00e9 des donn\u00e9es:<\/strong> Vous avez le droit de recevoir vos donn\u00e9es personnelles dans un format structur\u00e9, couramment utilis\u00e9 et lisible par machine, et de les transmettre \u00e0 un autre responsable du traitement.<\/li>\n\n\n\n<li><strong>Droit de retirer votre consentement:<\/strong> Vous avez le droit de retirer votre consentement au traitement de vos donn\u00e9es personnelles \u00e0 tout moment.<\/li>\n<\/ul>\n\n\n\n<p><strong>Pour exercer vos droits,<\/strong> vous pouvez nous contacter via les infos ci-dessous :<\/p>\n\n\n<h2 class=\"wp-block-heading\" id=\"informations-de-contact\">Informations de contact<\/h2>\n\n\n<p>Pour toute question concernant cette politique de confidentialit\u00e9, vous pouvez nous contacter \u00e0 info@coalitionclimat.be. Vous pouvez \u00e9galement contacter notre d\u00e9l\u00e9gu\u00e9 \u00e0 la protection des donn\u00e9es (DPO) info@coalitionclimat.be \u00e0, ou par courrier \u00e0 Coalition Climat ASBL &#8211; 47 rue des deux \u00e9glises, 1000 Bruxelles.<\/p>\n\n\n<h2 class=\"wp-block-heading\" id=\"informations-supplementaires\">Informations suppl\u00e9mentaires<\/h2>\n\n<h3 class=\"wp-block-heading\" id=\"comment-nous-protegeons-vos-donnees\">Comment nous prot\u00e9geons vos donn\u00e9es<\/h3>\n\n\n<p>Nous prenons des mesures de s\u00e9curit\u00e9 appropri\u00e9es pour prot\u00e9ger vos donn\u00e9es personnelles contre la perte, le vol, l&rsquo;utilisation abusive, l&rsquo;acc\u00e8s non autoris\u00e9, la divulgation, la modification ou la destruction. Ces mesures incluent, mais ne sont pas limit\u00e9es \u00e0, l&rsquo;utilisation de chiffrement des donn\u00e9es, de contr\u00f4les d&rsquo;acc\u00e8s physiques et \u00e9lectroniques et de pratiques de s\u00e9curit\u00e9 des informations.<\/p>\n\n\n<h3 class=\"wp-block-heading\" id=\"modifications-de-cette-politique\">Modifications de cette politique<\/h3>\n\n\n<p>Nous pouvons modifier cette politique de confidentialit\u00e9 \u00e0 tout moment. La version la plus r\u00e9cente de la politique sera toujours publi\u00e9e sur notre site Web. Si nous apportons des modifications importantes \u00e0 cette politique, nous vous en informerons par e-mail ou par une notification sur notre site Web.<\/p>\n\n\n<h3 class=\"wp-block-heading\" id=\"loi-applicable-et-juridiction\">Loi applicable et juridiction<\/h3>\n\n\n<p>Cette politique de confidentialit\u00e9 est r\u00e9gie et interpr\u00e9t\u00e9e conform\u00e9ment au droit belge. Tout litige relatif \u00e0 cette politique sera soumis \u00e0 la juridiction exclusive des tribunaux belges.<\/p>\n\n\n\n<p><\/p>\n\n\n\n<p>Mise \u00e0 jour le 21\/08\/2025 <\/p>\n","protected":false},"excerpt":{"rendered":"<p>Cette politique de confidentialit\u00e9 s&rsquo;applique au site Web www.klimaatcoalitie-coalitionclimat.be et \u00e0 tous les services en ligne associ\u00e9s. Cette politique d\u00e9crit comment nous recueillons, utilisons et divulguons vos informations personnelles lorsque [&hellip;]<\/p>\n","protected":false},"author":1,"featured_media":0,"parent":0,"menu_order":0,"comment_status":"closed","ping_status":"open","template":"template-full-width-narrow.php","meta":{"_acf_changed":false,"inline_featured_image":false,"_EventAllDay":false,"_EventTimezone":"","_EventStartDate":"","_EventEndDate":"","_EventStartDateUTC":"","_EventEndDateUTC":"","_EventShowMap":false,"_EventShowMapLink":false,"_EventURL":"","_EventCost":"","_EventCostDescription":"","_EventCurrencySymbol":"","_EventCurrencyCode":"","_EventCurrencyPosition":"","_EventDateTimeSeparator":"","_EventTimeRangeSeparator":"","_EventOrganizerID":[],"_EventVenueID":[],"_OrganizerEmail":"","_OrganizerPhone":"","_OrganizerWebsite":"","_VenueAddress":"","_VenueCity":"","_VenueCountry":"","_VenueProvince":"","_VenueState":"","_VenueZip":"","_VenuePhone":"","_VenueURL":"","_VenueStateProvince":"","_VenueLat":"","_VenueLng":"","_VenueShowMap":false,"_VenueShowMapLink":false,"footnotes":""},"class_list":["post-3","page","type-page","status-publish","hentry"],"acf":[],"yoast_head":"<!-- This site is optimized with the Yoast SEO plugin v27.2 - https:\/\/yoast.com\/product\/yoast-seo-wordpress\/ -->\n<title>Politique de confidentialit\u00e9 - Coalition Climat<\/title>\n<meta name=\"robots\" content=\"index, follow, max-snippet:-1, max-image-preview:large, max-video-preview:-1\" \/>\n<link rel=\"canonical\" href=\"https:\/\/klimaatcoalitie-coalitionclimat.be\/fr\/politique-de-confidentialite\/\" \/>\n<meta property=\"og:locale\" content=\"fr_FR\" \/>\n<meta property=\"og:type\" content=\"article\" \/>\n<meta property=\"og:title\" content=\"Politique de confidentialit\u00e9 - Coalition Climat\" \/>\n<meta property=\"og:description\" content=\"Cette politique de confidentialit\u00e9 s&rsquo;applique au site Web www.klimaatcoalitie-coalitionclimat.be et \u00e0 tous les services en ligne associ\u00e9s. Cette politique d\u00e9crit comment nous recueillons, utilisons et divulguons vos informations personnelles lorsque [&hellip;]\" \/>\n<meta property=\"og:url\" content=\"https:\/\/klimaatcoalitie-coalitionclimat.be\/fr\/politique-de-confidentialite\/\" \/>\n<meta property=\"og:site_name\" content=\"Coalition Climat\" \/>\n<meta property=\"article:modified_time\" content=\"2025-08-25T08:19:11+00:00\" \/>\n<meta name=\"twitter:card\" content=\"summary_large_image\" \/>\n<meta name=\"twitter:label1\" content=\"Dur\u00e9e de lecture estim\u00e9e\" \/>\n\t<meta name=\"twitter:data1\" content=\"5 minutes\" \/>\n<script type=\"application\/ld+json\" class=\"yoast-schema-graph\">{\"@context\":\"https:\/\/schema.org\",\"@graph\":[{\"@type\":\"WebPage\",\"@id\":\"https:\/\/klimaatcoalitie-coalitionclimat.be\/fr\/politique-de-confidentialite\/\",\"url\":\"https:\/\/klimaatcoalitie-coalitionclimat.be\/fr\/politique-de-confidentialite\/\",\"name\":\"Politique de confidentialit\u00e9 - Coalition Climat\",\"isPartOf\":{\"@id\":\"https:\/\/klimaatcoalitie-coalitionclimat.be\/fr\/#website\"},\"datePublished\":\"2023-06-27T12:09:17+00:00\",\"dateModified\":\"2025-08-25T08:19:11+00:00\",\"breadcrumb\":{\"@id\":\"https:\/\/klimaatcoalitie-coalitionclimat.be\/fr\/politique-de-confidentialite\/#breadcrumb\"},\"inLanguage\":\"fr-FR\",\"potentialAction\":[{\"@type\":\"ReadAction\",\"target\":[\"https:\/\/klimaatcoalitie-coalitionclimat.be\/fr\/politique-de-confidentialite\/\"]}]},{\"@type\":\"BreadcrumbList\",\"@id\":\"https:\/\/klimaatcoalitie-coalitionclimat.be\/fr\/politique-de-confidentialite\/#breadcrumb\",\"itemListElement\":[{\"@type\":\"ListItem\",\"position\":1,\"name\":\"Accueil\",\"item\":\"https:\/\/klimaatcoalitie-coalitionclimat.be\/fr\/\"},{\"@type\":\"ListItem\",\"position\":2,\"name\":\"Politique de confidentialit\u00e9\"}]},{\"@type\":\"WebSite\",\"@id\":\"https:\/\/klimaatcoalitie-coalitionclimat.be\/fr\/#website\",\"url\":\"https:\/\/klimaatcoalitie-coalitionclimat.be\/fr\/\",\"name\":\"Coalition Climat\",\"description\":\"Verenigt, versterkt en mobiliseert iedereen in Belgi&euml; die ijvert voor een leefbaar klimaat.\",\"publisher\":{\"@id\":\"https:\/\/klimaatcoalitie-coalitionclimat.be\/fr\/#organization\"},\"potentialAction\":[{\"@type\":\"SearchAction\",\"target\":{\"@type\":\"EntryPoint\",\"urlTemplate\":\"https:\/\/klimaatcoalitie-coalitionclimat.be\/fr\/?s={search_term_string}\"},\"query-input\":{\"@type\":\"PropertyValueSpecification\",\"valueRequired\":true,\"valueName\":\"search_term_string\"}}],\"inLanguage\":\"fr-FR\"},{\"@type\":\"Organization\",\"@id\":\"https:\/\/klimaatcoalitie-coalitionclimat.be\/fr\/#organization\",\"name\":\"Coalition Climat\",\"url\":\"https:\/\/klimaatcoalitie-coalitionclimat.be\/fr\/\",\"logo\":{\"@type\":\"ImageObject\",\"inLanguage\":\"fr-FR\",\"@id\":\"https:\/\/klimaatcoalitie-coalitionclimat.be\/fr\/#\/schema\/logo\/image\/\",\"url\":\"https:\/\/klimaatcoalitie-coalitionclimat.be\/wp-content\/uploads\/2023\/07\/logo-sticker-full.svg\",\"contentUrl\":\"https:\/\/klimaatcoalitie-coalitionclimat.be\/wp-content\/uploads\/2023\/07\/logo-sticker-full.svg\",\"width\":297,\"height\":98,\"caption\":\"Coalition Climat\"},\"image\":{\"@id\":\"https:\/\/klimaatcoalitie-coalitionclimat.be\/fr\/#\/schema\/logo\/image\/\"}}]}<\/script>\n<!-- \/ Yoast SEO plugin. -->","yoast_head_json":{"title":"Politique de confidentialit\u00e9 - Coalition Climat","robots":{"index":"index","follow":"follow","max-snippet":"max-snippet:-1","max-image-preview":"max-image-preview:large","max-video-preview":"max-video-preview:-1"},"canonical":"https:\/\/klimaatcoalitie-coalitionclimat.be\/fr\/politique-de-confidentialite\/","og_locale":"fr_FR","og_type":"article","og_title":"Politique de confidentialit\u00e9 - Coalition Climat","og_description":"Cette politique de confidentialit\u00e9 s&rsquo;applique au site Web www.klimaatcoalitie-coalitionclimat.be et \u00e0 tous les services en ligne associ\u00e9s. Cette politique d\u00e9crit comment nous recueillons, utilisons et divulguons vos informations personnelles lorsque [&hellip;]","og_url":"https:\/\/klimaatcoalitie-coalitionclimat.be\/fr\/politique-de-confidentialite\/","og_site_name":"Coalition Climat","article_modified_time":"2025-08-25T08:19:11+00:00","twitter_card":"summary_large_image","twitter_misc":{"Dur\u00e9e de lecture estim\u00e9e":"5 minutes"},"schema":{"@context":"https:\/\/schema.org","@graph":[{"@type":"WebPage","@id":"https:\/\/klimaatcoalitie-coalitionclimat.be\/fr\/politique-de-confidentialite\/","url":"https:\/\/klimaatcoalitie-coalitionclimat.be\/fr\/politique-de-confidentialite\/","name":"Politique de confidentialit\u00e9 - Coalition Climat","isPartOf":{"@id":"https:\/\/klimaatcoalitie-coalitionclimat.be\/fr\/#website"},"datePublished":"2023-06-27T12:09:17+00:00","dateModified":"2025-08-25T08:19:11+00:00","breadcrumb":{"@id":"https:\/\/klimaatcoalitie-coalitionclimat.be\/fr\/politique-de-confidentialite\/#breadcrumb"},"inLanguage":"fr-FR","potentialAction":[{"@type":"ReadAction","target":["https:\/\/klimaatcoalitie-coalitionclimat.be\/fr\/politique-de-confidentialite\/"]}]},{"@type":"BreadcrumbList","@id":"https:\/\/klimaatcoalitie-coalitionclimat.be\/fr\/politique-de-confidentialite\/#breadcrumb","itemListElement":[{"@type":"ListItem","position":1,"name":"Accueil","item":"https:\/\/klimaatcoalitie-coalitionclimat.be\/fr\/"},{"@type":"ListItem","position":2,"name":"Politique de confidentialit\u00e9"}]},{"@type":"WebSite","@id":"https:\/\/klimaatcoalitie-coalitionclimat.be\/fr\/#website","url":"https:\/\/klimaatcoalitie-coalitionclimat.be\/fr\/","name":"Coalition Climat","description":"Verenigt, versterkt en mobiliseert iedereen in Belgi&euml; die ijvert voor een leefbaar klimaat.","publisher":{"@id":"https:\/\/klimaatcoalitie-coalitionclimat.be\/fr\/#organization"},"potentialAction":[{"@type":"SearchAction","target":{"@type":"EntryPoint","urlTemplate":"https:\/\/klimaatcoalitie-coalitionclimat.be\/fr\/?s={search_term_string}"},"query-input":{"@type":"PropertyValueSpecification","valueRequired":true,"valueName":"search_term_string"}}],"inLanguage":"fr-FR"},{"@type":"Organization","@id":"https:\/\/klimaatcoalitie-coalitionclimat.be\/fr\/#organization","name":"Coalition Climat","url":"https:\/\/klimaatcoalitie-coalitionclimat.be\/fr\/","logo":{"@type":"ImageObject","inLanguage":"fr-FR","@id":"https:\/\/klimaatcoalitie-coalitionclimat.be\/fr\/#\/schema\/logo\/image\/","url":"https:\/\/klimaatcoalitie-coalitionclimat.be\/wp-content\/uploads\/2023\/07\/logo-sticker-full.svg","contentUrl":"https:\/\/klimaatcoalitie-coalitionclimat.be\/wp-content\/uploads\/2023\/07\/logo-sticker-full.svg","width":297,"height":98,"caption":"Coalition Climat"},"image":{"@id":"https:\/\/klimaatcoalitie-coalitionclimat.be\/fr\/#\/schema\/logo\/image\/"}}]}},"_links":{"self":[{"href":"https:\/\/klimaatcoalitie-coalitionclimat.be\/fr\/wp-json\/wp\/v2\/pages\/3","targetHints":{"allow":["GET"]}}],"collection":[{"href":"https:\/\/klimaatcoalitie-coalitionclimat.be\/fr\/wp-json\/wp\/v2\/pages"}],"about":[{"href":"https:\/\/klimaatcoalitie-coalitionclimat.be\/fr\/wp-json\/wp\/v2\/types\/page"}],"author":[{"embeddable":true,"href":"https:\/\/klimaatcoalitie-coalitionclimat.be\/fr\/wp-json\/wp\/v2\/users\/1"}],"replies":[{"embeddable":true,"href":"https:\/\/klimaatcoalitie-coalitionclimat.be\/fr\/wp-json\/wp\/v2\/comments?post=3"}],"version-history":[{"count":5,"href":"https:\/\/klimaatcoalitie-coalitionclimat.be\/fr\/wp-json\/wp\/v2\/pages\/3\/revisions"}],"predecessor-version":[{"id":10592,"href":"https:\/\/klimaatcoalitie-coalitionclimat.be\/fr\/wp-json\/wp\/v2\/pages\/3\/revisions\/10592"}],"wp:attachment":[{"href":"https:\/\/klimaatcoalitie-coalitionclimat.be\/fr\/wp-json\/wp\/v2\/media?parent=3"}],"curies":[{"name":"wp","href":"https:\/\/api.w.org\/{rel}","templated":true}]}}