{"id":274,"date":"2023-08-25T17:02:40","date_gmt":"2023-08-25T15:02:40","guid":{"rendered":"http:\/\/www.klimaatcoalitie.be\/?page_id=274"},"modified":"2026-02-23T09:36:01","modified_gmt":"2026-02-23T08:36:01","slug":"nos-positions","status":"publish","type":"page","link":"https:\/\/klimaatcoalitie-coalitionclimat.be\/fr\/nos-positions\/","title":{"rendered":"Nos positions"},"content":{"rendered":"\n<p>Le&nbsp;<strong>groupe de travail plaidoyer<\/strong>&nbsp;pr\u00e9pare nos points du vue et recommandations aux d\u00e9cideurs politiques et il \u00e9crit des analyses sur l&rsquo;actualit\u00e9 en lien avec la justice climatique. Ce groupe de travail est compos\u00e9 des membres des organisations qui repr\u00e9sentent les&nbsp;<strong>diff\u00e9rents points du vue<\/strong>&nbsp;de la Coalition: environnement, Nord Sud, syndicats, mutuelles, jeunesse, mouvements citoyens, etc.<\/p>\n\n\n\n<p><\/p>\n\n\n\n<p>Nous essayons d&rsquo;influencer les politiques climatiques en nous adressant aux dirigeants et en informant un large public au sujet de nos recommandations. Vous retrouverez les textes en-dessous.<\/p>\n\n\n\n<div class=\"wp-block-grimlock-wrapper alignfull  wp-block-grimlock-wrapper--inner-narrow\" style=\"--grimlock-wrapper-margin-top:0%;--grimlock-wrapper-margin-bottom:0%;--grimlock-wrapper-padding-top:5%;--grimlock-wrapper-padding-bottom:0%;--grimlock-wrapper-border-top:0 solid #00000000;--grimlock-wrapper-border-bottom:0 solid #00000000;--grimlock-wrapper-border-left:0 solid #00000000;--grimlock-wrapper-border-right:0 solid #00000000\"><div class=\"wp-block-grimlock-wrapper__bg\"><\/div><div class=\"wp-block-grimlock-wrapper__bg-overlay\"><\/div><div class=\"wp-block-grimlock-wrapper__inner\">\n<div class=\"wp-block-group is-vertical is-content-justification-center is-nowrap is-layout-flex wp-container-core-group-is-layout-fc169830 wp-block-group-is-layout-flex\"><h2 class=\"wp-block-heading has-text-align-center rotate-1 has-background has-dh-2-font-size\" style=\"background-color:#ffffff\" id=\"memorandum-de-la-coalition-climat\"><strong>M\u00e9morandum <strong>de la Coalition Climat<\/strong> <\/strong><\/h2>\n\n<h2 class=\"wp-block-heading has-text-align-center rotate-1 has-background has-dh-3-font-size\" style=\"background-color:#ffffff\" id=\"pour-un-green-new-deal-belge\"><strong><strong>pour un Green New Deal belge<\/strong><\/strong><\/h2><\/div>\n\n\n\n<div class=\"wp-block-group is-content-justification-center is-nowrap is-layout-flex wp-container-core-group-is-layout-94bc23d7 wp-block-group-is-layout-flex\"><h2 class=\"wp-block-heading has-text-align-center rotate-2 has-button-primary-background-color has-text-color has-background has-link-color has-dh-3-font-size wp-elements-f4c78828ef3617796ca26540ec1642f3\" style=\"color:#ffffff\" id=\"telecharger\"><a href=\"https:\/\/klimaatcoalitie-coalitionclimat.be\/wp-content\/uploads\/2023\/08\/Memorandum-pour-un-Green-New-Deal-belge.pdf\" type=\"link\" id=\"https:\/\/klimaatcoalitie-coalitionclimat.be\/wp-content\/uploads\/2023\/08\/Memorandum-pour-un-Green-New-Deal-belge.pdf\">T\u00e9l\u00e9charger<\/a><\/h2><\/div>\n\n\n\n<div style=\"height:32px\" aria-hidden=\"true\" class=\"wp-block-spacer\"><\/div>\n<\/div><\/div>\n\n\n\n<div class=\"wp-block-file\"><a id=\"wp-block-file--media-a780c001-e8e6-4d4b-80bc-10fc346b677a\" href=\"https:\/\/klimaatcoalitie-coalitionclimat.be\/wp-content\/uploads\/2025\/10\/2025-FR-Recommandations-COP-30-Coalition-Climat.pdf\"><strong>2025 &#8211; FR &#8211; Recommandations COP 30 &#8211; Coalition Climat<\/strong><\/a><a href=\"https:\/\/klimaatcoalitie-coalitionclimat.be\/wp-content\/uploads\/2025\/10\/2025-FR-Recommandations-COP-30-Coalition-Climat.pdf\" class=\"wp-block-file__button wp-element-button\" download aria-describedby=\"wp-block-file--media-a780c001-e8e6-4d4b-80bc-10fc346b677a\">T\u00e9l\u00e9charger<\/a><\/div>\n\n\n\n<div class=\"wp-block-file\"><a id=\"wp-block-file--media-c3344240-6dd2-4017-a068-12ff4162ab73\" href=\"https:\/\/klimaatcoalitie-coalitionclimat.be\/wp-content\/uploads\/2025\/10\/La-gouvernance-climatique-en-Belgique-_-Contexte-et-pistes-de-solutions-.pdf\"><strong>La gouvernance climatique en Belgique _ Contexte et pistes de solutions<\/strong><\/a><a href=\"https:\/\/klimaatcoalitie-coalitionclimat.be\/wp-content\/uploads\/2025\/10\/La-gouvernance-climatique-en-Belgique-_-Contexte-et-pistes-de-solutions-.pdf\" class=\"wp-block-file__button wp-element-button\" download aria-describedby=\"wp-block-file--media-c3344240-6dd2-4017-a068-12ff4162ab73\">T\u00e9l\u00e9charger<\/a><\/div>\n\n\n\n<div class=\"wp-block-file\"><a id=\"wp-block-file--media-83e33b34-1b37-483a-8962-fcd2d33ce194\" href=\"https:\/\/klimaatcoalitie-coalitionclimat.be\/wp-content\/uploads\/2025\/09\/Marche-Climat25-revendications-Klimaatmars25-eisen.pdf\" target=\"_blank\" rel=\"noreferrer noopener\"><strong>Marche Climat25 revendications-Klimaatmars25 eisen<\/strong><\/a><a href=\"https:\/\/klimaatcoalitie-coalitionclimat.be\/wp-content\/uploads\/2025\/09\/Marche-Climat25-revendications-Klimaatmars25-eisen.pdf\" class=\"wp-block-file__button wp-element-button\" download aria-describedby=\"wp-block-file--media-83e33b34-1b37-483a-8962-fcd2d33ce194\">T\u00e9l\u00e9charger<\/a><\/div>\n\n\n\n<div class=\"wp-block-file\"><a id=\"wp-block-file--media-d1e6b5d1-85f8-49b7-a1bf-9b4c33743865\" href=\"https:\/\/klimaatcoalitie-coalitionclimat.be\/wp-content\/uploads\/2025\/07\/Briefing-Objectif-2040-Coalition-Climat-1-1.pdf\" target=\"_blank\" rel=\"noreferrer noopener\"><strong>Briefing Objectif 2040 &#8211; Coalition Climat .<\/strong><\/a><a href=\"https:\/\/klimaatcoalitie-coalitionclimat.be\/wp-content\/uploads\/2025\/07\/Briefing-Objectif-2040-Coalition-Climat-1-1.pdf\" class=\"wp-block-file__button wp-element-button\" download aria-describedby=\"wp-block-file--media-d1e6b5d1-85f8-49b7-a1bf-9b4c33743865\">T\u00e9l\u00e9charger<\/a><\/div>\n\n\n\n<div class=\"wp-block-file\"><a id=\"wp-block-file--media-d449bb32-0abd-490f-b2ee-14fcd85cde3f\" href=\"https:\/\/klimaatcoalitie-coalitionclimat.be\/wp-content\/uploads\/2025\/05\/ETS2-PSCB-FR.pdf\" target=\"_blank\" rel=\"noreferrer noopener\"><strong>ETS2 Priorit\u00e9s pour le Plans Social Climat Belge &#8211; Position de la Coalition Climat_FR<\/strong><\/a><a href=\"https:\/\/klimaatcoalitie-coalitionclimat.be\/wp-content\/uploads\/2025\/05\/ETS2-PSCB-FR.pdf\" class=\"wp-block-file__button wp-element-button\" download aria-describedby=\"wp-block-file--media-d449bb32-0abd-490f-b2ee-14fcd85cde3f\">T\u00e9l\u00e9charger<\/a><\/div>\n\n\n\n<div class=\"wp-block-file\"><a id=\"wp-block-file--media-c61dacf1-f211-49f2-9736-9cff0f471dbc\" href=\"https:\/\/klimaatcoalitie-coalitionclimat.be\/wp-content\/uploads\/2024\/10\/Recommandations-de-la-Coalition-Climat-pour-la-COP29-2.pdf\" target=\"_blank\" rel=\"noreferrer noopener\"><strong>Recommandations de la Coalition Climat pour la COP29 (12\/10\/2024)<\/strong><\/a><a href=\"https:\/\/klimaatcoalitie-coalitionclimat.be\/wp-content\/uploads\/2024\/10\/Recommandations-de-la-Coalition-Climat-pour-la-COP29-2.pdf\" class=\"wp-block-file__button wp-element-button\" download aria-describedby=\"wp-block-file--media-c61dacf1-f211-49f2-9736-9cff0f471dbc\">T\u00e9l\u00e9charger<\/a><\/div>\n\n\n\n<div class=\"wp-block-file\"><a id=\"wp-block-file--media-fdc5960b-aba4-443a-bc36-ed9b12c4c40a\" href=\"https:\/\/klimaatcoalitie-coalitionclimat.be\/wp-content\/uploads\/2023\/10\/20231011-FR-Coalition-Climat-Elections-2024-1.pdf\" target=\"_blank\" rel=\"noreferrer noopener\"><strong>Priorit\u00e9s pour les \u00e9lections 2024 (11\/10\/2023)<\/strong><\/a><a href=\"https:\/\/klimaatcoalitie-coalitionclimat.be\/wp-content\/uploads\/2023\/10\/20231011-FR-Coalition-Climat-Elections-2024-1.pdf\" class=\"wp-block-file__button wp-element-button\" download aria-describedby=\"wp-block-file--media-fdc5960b-aba4-443a-bc36-ed9b12c4c40a\">T\u00e9l\u00e9charger<\/a><\/div>\n\n\n\n<div class=\"wp-block-file\"><a id=\"wp-block-file--media-fdc5960b-aba4-443a-bc36-ed9b12c4c40a\" href=\"https:\/\/klimaatcoalitie-coalitionclimat.be\/wp-content\/uploads\/2023\/11\/Recommandations-pour-le-sommet-climatique-COP-28-1.pdf\" target=\"_blank\" rel=\"noreferrer noopener\"><strong>Recommandations pour le sommet climatique COP 28 (06\/11\/2023)<\/strong><\/a><a href=\"https:\/\/klimaatcoalitie-coalitionclimat.be\/wp-content\/uploads\/2023\/11\/Recommandations-pour-le-sommet-climatique-COP-28-1.pdf\" class=\"wp-block-file__button wp-element-button\" download aria-describedby=\"wp-block-file--media-fdc5960b-aba4-443a-bc36-ed9b12c4c40a\">T\u00e9l\u00e9charger<\/a><\/div>\n\n\n\n<div class=\"wp-block-file\"><a id=\"wp-block-file--media-2b658ea0-4ec1-433b-9ecd-2c8382977b74\" href=\"https:\/\/klimaatcoalitie-coalitionclimat.be\/wp-content\/uploads\/2023\/09\/20230926-FR-Policy-briefing-Pacte-Logement-Energie.pdf\" target=\"_blank\" rel=\"noreferrer noopener\"><strong>Pacte Logement-E\u0301nergie (26\/09\/2023)<\/strong><\/a><a href=\"https:\/\/klimaatcoalitie-coalitionclimat.be\/wp-content\/uploads\/2023\/09\/20230926-FR-Policy-briefing-Pacte-Logement-Energie.pdf\" class=\"wp-block-file__button wp-element-button\" download aria-describedby=\"wp-block-file--media-2b658ea0-4ec1-433b-9ecd-2c8382977b74\">T\u00e9l\u00e9charger<\/a><\/div>\n\n\n\n<div class=\"wp-block-file\"><a id=\"wp-block-file--media-f54a7ea9-0a78-44f0-bb0f-08f12085b396\" href=\"https:\/\/klimaatcoalitie-coalitionclimat.be\/wp-content\/uploads\/2023\/08\/Memorandum-pour-un-Green-New-Deal-belge.pdf\" target=\"_blank\" rel=\"noreferrer noopener\"><strong>Me\u0301morandum pour un Green New Deal belge<\/strong><\/a><a href=\"https:\/\/klimaatcoalitie-coalitionclimat.be\/wp-content\/uploads\/2023\/08\/Memorandum-pour-un-Green-New-Deal-belge.pdf\" class=\"wp-block-file__button wp-element-button\" download aria-describedby=\"wp-block-file--media-f54a7ea9-0a78-44f0-bb0f-08f12085b396\">T\u00e9l\u00e9charger<\/a><\/div>\n\n\n\n<div class=\"wp-block-file\"><a id=\"wp-block-file--media-f091437b-4eb3-4e22-b65e-3cfc91922d3e\" href=\"https:\/\/klimaatcoalitie-coalitionclimat.be\/wp-content\/uploads\/2023\/08\/FR-RECOMMANDATIONS-EN-VUE-DU-SOMMET-CLIMAT-DE-SHARM-EL-SHEIK-COP-27_0.pdf\" target=\"_blank\" rel=\"noreferrer noopener\"><strong>Recommandations en vue du sommet climat de Sharm El Sheik (COP 27)<\/strong><\/a><a href=\"https:\/\/klimaatcoalitie-coalitionclimat.be\/wp-content\/uploads\/2023\/08\/FR-RECOMMANDATIONS-EN-VUE-DU-SOMMET-CLIMAT-DE-SHARM-EL-SHEIK-COP-27_0.pdf\" class=\"wp-block-file__button wp-element-button\" download aria-describedby=\"wp-block-file--media-f091437b-4eb3-4e22-b65e-3cfc91922d3e\">T\u00e9l\u00e9charger<\/a><\/div>\n\n\n\n<div class=\"wp-block-file\"><a id=\"wp-block-file--media-563845fe-0b4d-4c22-bf8b-413ba0210123\" href=\"https:\/\/klimaatcoalitie-coalitionclimat.be\/wp-content\/uploads\/2023\/08\/Fr_Briefing-PNEC-2023-Methodologiegouvernance.pdf\" target=\"_blank\" rel=\"noreferrer noopener\"><strong>Recommandations sur la m\u00e9thodologie et gouvernance du Plan national \u00e9nergie climat (2023)<\/strong><\/a><a href=\"https:\/\/klimaatcoalitie-coalitionclimat.be\/wp-content\/uploads\/2023\/08\/Fr_Briefing-PNEC-2023-Methodologiegouvernance.pdf\" class=\"wp-block-file__button wp-element-button\" download aria-describedby=\"wp-block-file--media-563845fe-0b4d-4c22-bf8b-413ba0210123\">T\u00e9l\u00e9charger<\/a><\/div>\n\n\n\n<div class=\"wp-block-file\"><a id=\"wp-block-file--media-04281487-d208-4772-93bf-6df86f17e016\" href=\"https:\/\/klimaatcoalitie-coalitionclimat.be\/wp-content\/uploads\/2023\/08\/Recommandations-politiques-crise-sanitaire.pdf\" target=\"_blank\" rel=\"noreferrer noopener\"><strong>Recommandations politiques crise sanitaire<\/strong><\/a><a href=\"https:\/\/klimaatcoalitie-coalitionclimat.be\/wp-content\/uploads\/2023\/08\/Recommandations-politiques-crise-sanitaire.pdf\" class=\"wp-block-file__button wp-element-button\" download aria-describedby=\"wp-block-file--media-04281487-d208-4772-93bf-6df86f17e016\">T\u00e9l\u00e9charger<\/a><\/div>\n\n\n\n<div class=\"wp-block-file\"><a id=\"wp-block-file--media-8f1c945b-46ed-44ec-a924-5aa334302e1a\" href=\"https:\/\/klimaatcoalitie-coalitionclimat.be\/wp-content\/uploads\/2023\/08\/Analyse-Plan-National-Energie-Climat.pdf\" target=\"_blank\" rel=\"noreferrer noopener\"><strong>Analyse Plan National Energie Climat<\/strong><\/a><a href=\"https:\/\/klimaatcoalitie-coalitionclimat.be\/wp-content\/uploads\/2023\/08\/Analyse-Plan-National-Energie-Climat.pdf\" class=\"wp-block-file__button wp-element-button\" download aria-describedby=\"wp-block-file--media-8f1c945b-46ed-44ec-a924-5aa334302e1a\">T\u00e9l\u00e9charger<\/a><\/div>\n\n\n\n<div class=\"wp-block-file\"><a id=\"wp-block-file--media-b446bb88-5e19-409d-a605-2f79a163d47f\" href=\"https:\/\/klimaatcoalitie-coalitionclimat.be\/wp-content\/uploads\/2023\/08\/Analyse-generale-du-Pacte-vert-europeen.pdf\" target=\"_blank\" rel=\"noreferrer noopener\"><strong>Analyse ge\u0301ne\u0301rale du Pacte vert europe\u0301en<\/strong><\/a><a href=\"https:\/\/klimaatcoalitie-coalitionclimat.be\/wp-content\/uploads\/2023\/08\/Analyse-generale-du-Pacte-vert-europeen.pdf\" class=\"wp-block-file__button wp-element-button\" download aria-describedby=\"wp-block-file--media-b446bb88-5e19-409d-a605-2f79a163d47f\">T\u00e9l\u00e9charger<\/a><\/div>\n\n\n\n<div class=\"wp-block-file\"><a id=\"wp-block-file--media-bf4abcf0-d3bc-4851-a325-3f88ce4a8a94\" href=\"https:\/\/klimaatcoalitie-coalitionclimat.be\/wp-content\/uploads\/2023\/08\/QA_LoiClimat.pdf\" target=\"_blank\" rel=\"noreferrer noopener\"><strong>Q&amp;A Loi Climat<\/strong><\/a><a href=\"https:\/\/klimaatcoalitie-coalitionclimat.be\/wp-content\/uploads\/2023\/08\/QA_LoiClimat.pdf\" class=\"wp-block-file__button wp-element-button\" download aria-describedby=\"wp-block-file--media-bf4abcf0-d3bc-4851-a325-3f88ce4a8a94\">T\u00e9l\u00e9charger<\/a><\/div>\n","protected":false},"excerpt":{"rendered":"<p>Le&nbsp;groupe de travail plaidoyer&nbsp;pr\u00e9pare nos points du vue et recommandations aux d\u00e9cideurs politiques et il \u00e9crit des analyses sur l&rsquo;actualit\u00e9 en lien avec la justice climatique. Ce groupe de travail [&hellip;]<\/p>\n","protected":false},"author":1,"featured_media":20,"parent":0,"menu_order":0,"comment_status":"closed","ping_status":"closed","template":"template-full-width-narrow.php","meta":{"_acf_changed":false,"inline_featured_image":false,"_EventAllDay":false,"_EventTimezone":"","_EventStartDate":"","_EventEndDate":"","_EventStartDateUTC":"","_EventEndDateUTC":"","_EventShowMap":false,"_EventShowMapLink":false,"_EventURL":"","_EventCost":"","_EventCostDescription":"","_EventCurrencySymbol":"","_EventCurrencyCode":"","_EventCurrencyPosition":"","_EventDateTimeSeparator":"","_EventTimeRangeSeparator":"","_EventOrganizerID":[],"_EventVenueID":[],"_OrganizerEmail":"","_OrganizerPhone":"","_OrganizerWebsite":"","_VenueAddress":"","_VenueCity":"","_VenueCountry":"","_VenueProvince":"","_VenueState":"","_VenueZip":"","_VenuePhone":"","_VenueURL":"","_VenueStateProvince":"","_VenueLat":"","_VenueLng":"","_VenueShowMap":false,"_VenueShowMapLink":false,"footnotes":""},"class_list":["post-274","page","type-page","status-publish","has-post-thumbnail","hentry"],"acf":[],"yoast_head":"<!-- This site is optimized with the Yoast SEO plugin v27.2 - https:\/\/yoast.com\/product\/yoast-seo-wordpress\/ -->\n<title>Nos positions - Coalition Climat<\/title>\n<meta name=\"robots\" content=\"index, follow, max-snippet:-1, max-image-preview:large, max-video-preview:-1\" \/>\n<link rel=\"canonical\" href=\"https:\/\/klimaatcoalitie-coalitionclimat.be\/fr\/nos-positions\/\" \/>\n<meta property=\"og:locale\" content=\"fr_FR\" \/>\n<meta property=\"og:type\" content=\"article\" \/>\n<meta property=\"og:title\" content=\"Nos positions - Coalition Climat\" \/>\n<meta property=\"og:description\" content=\"Le&nbsp;groupe de travail plaidoyer&nbsp;pr\u00e9pare nos points du vue et recommandations aux d\u00e9cideurs politiques et il \u00e9crit des analyses sur l&rsquo;actualit\u00e9 en lien avec la justice climatique. Ce groupe de travail [&hellip;]\" \/>\n<meta property=\"og:url\" content=\"https:\/\/klimaatcoalitie-coalitionclimat.be\/fr\/nos-positions\/\" \/>\n<meta property=\"og:site_name\" content=\"Coalition Climat\" \/>\n<meta property=\"article:modified_time\" content=\"2026-02-23T08:36:01+00:00\" \/>\n<meta property=\"og:image\" content=\"https:\/\/klimaatcoalitie-coalitionclimat.be\/wp-content\/uploads\/2023\/06\/2h7a2396.jpg\" \/>\n\t<meta property=\"og:image:width\" content=\"2000\" \/>\n\t<meta property=\"og:image:height\" content=\"1334\" \/>\n\t<meta property=\"og:image:type\" content=\"image\/jpeg\" \/>\n<meta name=\"twitter:card\" content=\"summary_large_image\" \/>\n<meta name=\"twitter:label1\" content=\"Dur\u00e9e de lecture estim\u00e9e\" \/>\n\t<meta name=\"twitter:data1\" content=\"2 minutes\" \/>\n<script type=\"application\/ld+json\" class=\"yoast-schema-graph\">{\"@context\":\"https:\/\/schema.org\",\"@graph\":[{\"@type\":\"WebPage\",\"@id\":\"https:\/\/klimaatcoalitie-coalitionclimat.be\/fr\/nos-positions\/\",\"url\":\"https:\/\/klimaatcoalitie-coalitionclimat.be\/fr\/nos-positions\/\",\"name\":\"Nos positions - Coalition Climat\",\"isPartOf\":{\"@id\":\"https:\/\/klimaatcoalitie-coalitionclimat.be\/fr\/#website\"},\"primaryImageOfPage\":{\"@id\":\"https:\/\/klimaatcoalitie-coalitionclimat.be\/fr\/nos-positions\/#primaryimage\"},\"image\":{\"@id\":\"https:\/\/klimaatcoalitie-coalitionclimat.be\/fr\/nos-positions\/#primaryimage\"},\"thumbnailUrl\":\"https:\/\/klimaatcoalitie-coalitionclimat.be\/wp-content\/uploads\/2023\/06\/2h7a2396.jpg\",\"datePublished\":\"2023-08-25T15:02:40+00:00\",\"dateModified\":\"2026-02-23T08:36:01+00:00\",\"breadcrumb\":{\"@id\":\"https:\/\/klimaatcoalitie-coalitionclimat.be\/fr\/nos-positions\/#breadcrumb\"},\"inLanguage\":\"fr-FR\",\"potentialAction\":[{\"@type\":\"ReadAction\",\"target\":[\"https:\/\/klimaatcoalitie-coalitionclimat.be\/fr\/nos-positions\/\"]}]},{\"@type\":\"ImageObject\",\"inLanguage\":\"fr-FR\",\"@id\":\"https:\/\/klimaatcoalitie-coalitionclimat.be\/fr\/nos-positions\/#primaryimage\",\"url\":\"https:\/\/klimaatcoalitie-coalitionclimat.be\/wp-content\/uploads\/2023\/06\/2h7a2396.jpg\",\"contentUrl\":\"https:\/\/klimaatcoalitie-coalitionclimat.be\/wp-content\/uploads\/2023\/06\/2h7a2396.jpg\",\"width\":2000,\"height\":1334},{\"@type\":\"BreadcrumbList\",\"@id\":\"https:\/\/klimaatcoalitie-coalitionclimat.be\/fr\/nos-positions\/#breadcrumb\",\"itemListElement\":[{\"@type\":\"ListItem\",\"position\":1,\"name\":\"Accueil\",\"item\":\"https:\/\/klimaatcoalitie-coalitionclimat.be\/fr\/\"},{\"@type\":\"ListItem\",\"position\":2,\"name\":\"Nos positions\"}]},{\"@type\":\"WebSite\",\"@id\":\"https:\/\/klimaatcoalitie-coalitionclimat.be\/fr\/#website\",\"url\":\"https:\/\/klimaatcoalitie-coalitionclimat.be\/fr\/\",\"name\":\"Coalition Climat\",\"description\":\"Verenigt, versterkt en mobiliseert iedereen in Belgi&euml; die ijvert voor een leefbaar klimaat.\",\"publisher\":{\"@id\":\"https:\/\/klimaatcoalitie-coalitionclimat.be\/fr\/#organization\"},\"potentialAction\":[{\"@type\":\"SearchAction\",\"target\":{\"@type\":\"EntryPoint\",\"urlTemplate\":\"https:\/\/klimaatcoalitie-coalitionclimat.be\/fr\/?s={search_term_string}\"},\"query-input\":{\"@type\":\"PropertyValueSpecification\",\"valueRequired\":true,\"valueName\":\"search_term_string\"}}],\"inLanguage\":\"fr-FR\"},{\"@type\":\"Organization\",\"@id\":\"https:\/\/klimaatcoalitie-coalitionclimat.be\/fr\/#organization\",\"name\":\"Coalition Climat\",\"url\":\"https:\/\/klimaatcoalitie-coalitionclimat.be\/fr\/\",\"logo\":{\"@type\":\"ImageObject\",\"inLanguage\":\"fr-FR\",\"@id\":\"https:\/\/klimaatcoalitie-coalitionclimat.be\/fr\/#\/schema\/logo\/image\/\",\"url\":\"https:\/\/klimaatcoalitie-coalitionclimat.be\/wp-content\/uploads\/2023\/07\/logo-sticker-full.svg\",\"contentUrl\":\"https:\/\/klimaatcoalitie-coalitionclimat.be\/wp-content\/uploads\/2023\/07\/logo-sticker-full.svg\",\"width\":297,\"height\":98,\"caption\":\"Coalition Climat\"},\"image\":{\"@id\":\"https:\/\/klimaatcoalitie-coalitionclimat.be\/fr\/#\/schema\/logo\/image\/\"}}]}<\/script>\n<!-- \/ Yoast SEO plugin. -->","yoast_head_json":{"title":"Nos positions - Coalition Climat","robots":{"index":"index","follow":"follow","max-snippet":"max-snippet:-1","max-image-preview":"max-image-preview:large","max-video-preview":"max-video-preview:-1"},"canonical":"https:\/\/klimaatcoalitie-coalitionclimat.be\/fr\/nos-positions\/","og_locale":"fr_FR","og_type":"article","og_title":"Nos positions - Coalition Climat","og_description":"Le&nbsp;groupe de travail plaidoyer&nbsp;pr\u00e9pare nos points du vue et recommandations aux d\u00e9cideurs politiques et il \u00e9crit des analyses sur l&rsquo;actualit\u00e9 en lien avec la justice climatique. Ce groupe de travail [&hellip;]","og_url":"https:\/\/klimaatcoalitie-coalitionclimat.be\/fr\/nos-positions\/","og_site_name":"Coalition Climat","article_modified_time":"2026-02-23T08:36:01+00:00","og_image":[{"width":2000,"height":1334,"url":"https:\/\/klimaatcoalitie-coalitionclimat.be\/wp-content\/uploads\/2023\/06\/2h7a2396.jpg","type":"image\/jpeg"}],"twitter_card":"summary_large_image","twitter_misc":{"Dur\u00e9e de lecture estim\u00e9e":"2 minutes"},"schema":{"@context":"https:\/\/schema.org","@graph":[{"@type":"WebPage","@id":"https:\/\/klimaatcoalitie-coalitionclimat.be\/fr\/nos-positions\/","url":"https:\/\/klimaatcoalitie-coalitionclimat.be\/fr\/nos-positions\/","name":"Nos positions - Coalition Climat","isPartOf":{"@id":"https:\/\/klimaatcoalitie-coalitionclimat.be\/fr\/#website"},"primaryImageOfPage":{"@id":"https:\/\/klimaatcoalitie-coalitionclimat.be\/fr\/nos-positions\/#primaryimage"},"image":{"@id":"https:\/\/klimaatcoalitie-coalitionclimat.be\/fr\/nos-positions\/#primaryimage"},"thumbnailUrl":"https:\/\/klimaatcoalitie-coalitionclimat.be\/wp-content\/uploads\/2023\/06\/2h7a2396.jpg","datePublished":"2023-08-25T15:02:40+00:00","dateModified":"2026-02-23T08:36:01+00:00","breadcrumb":{"@id":"https:\/\/klimaatcoalitie-coalitionclimat.be\/fr\/nos-positions\/#breadcrumb"},"inLanguage":"fr-FR","potentialAction":[{"@type":"ReadAction","target":["https:\/\/klimaatcoalitie-coalitionclimat.be\/fr\/nos-positions\/"]}]},{"@type":"ImageObject","inLanguage":"fr-FR","@id":"https:\/\/klimaatcoalitie-coalitionclimat.be\/fr\/nos-positions\/#primaryimage","url":"https:\/\/klimaatcoalitie-coalitionclimat.be\/wp-content\/uploads\/2023\/06\/2h7a2396.jpg","contentUrl":"https:\/\/klimaatcoalitie-coalitionclimat.be\/wp-content\/uploads\/2023\/06\/2h7a2396.jpg","width":2000,"height":1334},{"@type":"BreadcrumbList","@id":"https:\/\/klimaatcoalitie-coalitionclimat.be\/fr\/nos-positions\/#breadcrumb","itemListElement":[{"@type":"ListItem","position":1,"name":"Accueil","item":"https:\/\/klimaatcoalitie-coalitionclimat.be\/fr\/"},{"@type":"ListItem","position":2,"name":"Nos positions"}]},{"@type":"WebSite","@id":"https:\/\/klimaatcoalitie-coalitionclimat.be\/fr\/#website","url":"https:\/\/klimaatcoalitie-coalitionclimat.be\/fr\/","name":"Coalition Climat","description":"Verenigt, versterkt en mobiliseert iedereen in Belgi&euml; die ijvert voor een leefbaar klimaat.","publisher":{"@id":"https:\/\/klimaatcoalitie-coalitionclimat.be\/fr\/#organization"},"potentialAction":[{"@type":"SearchAction","target":{"@type":"EntryPoint","urlTemplate":"https:\/\/klimaatcoalitie-coalitionclimat.be\/fr\/?s={search_term_string}"},"query-input":{"@type":"PropertyValueSpecification","valueRequired":true,"valueName":"search_term_string"}}],"inLanguage":"fr-FR"},{"@type":"Organization","@id":"https:\/\/klimaatcoalitie-coalitionclimat.be\/fr\/#organization","name":"Coalition Climat","url":"https:\/\/klimaatcoalitie-coalitionclimat.be\/fr\/","logo":{"@type":"ImageObject","inLanguage":"fr-FR","@id":"https:\/\/klimaatcoalitie-coalitionclimat.be\/fr\/#\/schema\/logo\/image\/","url":"https:\/\/klimaatcoalitie-coalitionclimat.be\/wp-content\/uploads\/2023\/07\/logo-sticker-full.svg","contentUrl":"https:\/\/klimaatcoalitie-coalitionclimat.be\/wp-content\/uploads\/2023\/07\/logo-sticker-full.svg","width":297,"height":98,"caption":"Coalition Climat"},"image":{"@id":"https:\/\/klimaatcoalitie-coalitionclimat.be\/fr\/#\/schema\/logo\/image\/"}}]}},"_links":{"self":[{"href":"https:\/\/klimaatcoalitie-coalitionclimat.be\/fr\/wp-json\/wp\/v2\/pages\/274","targetHints":{"allow":["GET"]}}],"collection":[{"href":"https:\/\/klimaatcoalitie-coalitionclimat.be\/fr\/wp-json\/wp\/v2\/pages"}],"about":[{"href":"https:\/\/klimaatcoalitie-coalitionclimat.be\/fr\/wp-json\/wp\/v2\/types\/page"}],"author":[{"embeddable":true,"href":"https:\/\/klimaatcoalitie-coalitionclimat.be\/fr\/wp-json\/wp\/v2\/users\/1"}],"replies":[{"embeddable":true,"href":"https:\/\/klimaatcoalitie-coalitionclimat.be\/fr\/wp-json\/wp\/v2\/comments?post=274"}],"version-history":[{"count":10,"href":"https:\/\/klimaatcoalitie-coalitionclimat.be\/fr\/wp-json\/wp\/v2\/pages\/274\/revisions"}],"predecessor-version":[{"id":11872,"href":"https:\/\/klimaatcoalitie-coalitionclimat.be\/fr\/wp-json\/wp\/v2\/pages\/274\/revisions\/11872"}],"wp:featuredmedia":[{"embeddable":true,"href":"https:\/\/klimaatcoalitie-coalitionclimat.be\/fr\/wp-json\/wp\/v2\/media\/20"}],"wp:attachment":[{"href":"https:\/\/klimaatcoalitie-coalitionclimat.be\/fr\/wp-json\/wp\/v2\/media?parent=274"}],"curies":[{"name":"wp","href":"https:\/\/api.w.org\/{rel}","templated":true}]}}