{"id":1773,"date":"2023-09-07T17:55:38","date_gmt":"2023-09-07T15:55:38","guid":{"rendered":"https:\/\/klimaatcoalitie.be\/?page_id=1773"},"modified":"2025-02-28T13:49:41","modified_gmt":"2025-02-28T12:49:41","slug":"je-decouvre","status":"publish","type":"page","link":"https:\/\/klimaatcoalitie-coalitionclimat.be\/fr\/je-decouvre\/","title":{"rendered":"Je d\u00e9couvre"},"content":{"rendered":"\n<p><\/p>\n\n\n<h3 class=\"wp-block-heading\" id=\"quand-nbsp\"><strong>Quand ? <\/strong><\/h3>\n\n\n<p>En 2025, c&rsquo;est s\u00fbr !<\/p>\n\n\n\n<p><\/p>\n\n\n\n<p>Restons en contact via&nbsp;<a href=\"https:\/\/klimaatcoalitie-coalitionclimat.be\/stand-up-for-climate\/inscription\/\">ce formulaire.<\/a><\/p>\n\n\n\n<p>On vous enverra des nouvelles d\u00e8s que c&rsquo;est pr\u00eat ! <\/p>\n\n\n\n<p><\/p>\n\n\n<h3 class=\"wp-block-heading\" id=\"ou-ca-se-passe-%25c2%25a0\"><strong>O\u00f9 \u00e7a se passe ?\u00a0<\/strong><\/h3>\n\n\n<p>Dans votre \u00e9cole, universit\u00e9, maison de jeunes, association, quartier, mouvement de jeunesse\u2026&nbsp;&nbsp;<\/p>\n\n\n\n<p><\/p>\n\n\n<h3 class=\"wp-block-heading\" id=\"ce-sera-quoi-en-2025\"><strong>Ce sera quoi en 2025 ? <\/strong><\/h3>\n\n\n<p>Surprise ! <\/p>\n\n\n\n<p>On y travaille, c&rsquo;est promis !<\/p>\n\n\n\n<p>Ce que vous pouvez d\u00e9j\u00e0 savoir &#8230; <\/p>\n\n\n\n<p>C&rsquo;est qu&rsquo;on aura besoin de vous ! <\/p>\n\n\n\n<p>Gardez votre \u00e9nergie pour notre nouvelle action 2025 !<\/p>\n\n\n\n<p><\/p>\n\n\n<h3 class=\"wp-block-heading\" id=\"vous-voulez-en-faire-davantage-%25c2%25a0\"><strong>Vous voulez en faire davantage ?<\/strong>\u00a0<\/h3>\n\n\n<p>Organiser une marche pour le climat dans votre coin, lancer une tombola pour soutenir des projets de restauration de la nature, inclure les habitants, cr\u00e9er une <a href=\"https:\/\/klimaatcoalitie-coalitionclimat.be\/cliques\/\" target=\"_blank\" rel=\"noreferrer noopener\">clique<\/a> pour La MARCHE CLIMAT ?<\/p>\n\n\n\n<p><\/p>\n\n\n\n<p>Allez-y ! On vous kiffe ! &#x1faf6;<\/p>\n\n\n\n<p><\/p>\n\n\n<h3 class=\"wp-block-heading\" id=\"des-questions-nbsp\"><strong>Des questions ? <\/strong><\/h3>\n\n\n<p>Contactez-nous \u00e0 l\u2019adresse :&nbsp;<a href=\"mailto:standup@klimaatcoalitie-coalitionclimat.be\">standup@klimaatcoalitie-coalitionclimat.be<\/a>&nbsp;&nbsp;&nbsp;<\/p>\n\n\n\n<div class=\"wp-block-grimlock-wrapper alignfull\" style=\"--grimlock-wrapper-padding-top:6%;--grimlock-wrapper-padding-bottom:6%;--grimlock-wrapper-border-top:0 solid #00000000;--grimlock-wrapper-border-bottom:0 solid #00000000;--grimlock-wrapper-border-left:0 solid #00000000;--grimlock-wrapper-border-right:0 solid #00000000\"><div class=\"wp-block-grimlock-wrapper__bg\"><\/div><div class=\"wp-block-grimlock-wrapper__bg-overlay\"><\/div><div class=\"wp-block-grimlock-wrapper__inner\"><h2 class=\"wp-block-heading has-text-align-center has-dh-2-font-size\" id=\"affiches-de-laction\">Affiches de l&rsquo;action<\/h2>\n\n\n<div style=\"height:0px\" aria-hidden=\"true\" class=\"wp-block-spacer\"><\/div>\n\n\n\n<p>Les affiches de 2025 arrivent bient\u00f4t&#8230; <\/p>\n<\/div><\/div>\n","protected":false},"excerpt":{"rendered":"<p>Quand ?&nbsp; En 2025, c&rsquo;est s\u00fbr ! Restons en contact via&nbsp;ce formulaire. On vous enverra des nouvelles d\u00e8s que c&rsquo;est pr\u00eat ! O\u00f9 \u00e7a se passe ?\u00a0 Dans votre \u00e9cole, [&hellip;]<\/p>\n","protected":false},"author":1,"featured_media":0,"parent":0,"menu_order":0,"comment_status":"closed","ping_status":"closed","template":"template-full-width-narrow.php","meta":{"_acf_changed":false,"inline_featured_image":false,"_EventAllDay":false,"_EventTimezone":"","_EventStartDate":"","_EventEndDate":"","_EventStartDateUTC":"","_EventEndDateUTC":"","_EventShowMap":false,"_EventShowMapLink":false,"_EventURL":"","_EventCost":"","_EventCostDescription":"","_EventCurrencySymbol":"","_EventCurrencyCode":"","_EventCurrencyPosition":"","_EventDateTimeSeparator":"","_EventTimeRangeSeparator":"","_EventOrganizerID":[],"_EventVenueID":[],"_OrganizerEmail":"","_OrganizerPhone":"","_OrganizerWebsite":"","_VenueAddress":"","_VenueCity":"","_VenueCountry":"","_VenueProvince":"","_VenueState":"","_VenueZip":"","_VenuePhone":"","_VenueURL":"","_VenueStateProvince":"","_VenueLat":"","_VenueLng":"","_VenueShowMap":false,"_VenueShowMapLink":false,"footnotes":""},"class_list":["post-1773","page","type-page","status-publish","hentry"],"acf":[],"yoast_head":"<!-- This site is optimized with the Yoast SEO plugin v27.2 - https:\/\/yoast.com\/product\/yoast-seo-wordpress\/ -->\n<title>Je d\u00e9couvre - Coalition Climat<\/title>\n<meta name=\"robots\" content=\"index, follow, max-snippet:-1, max-image-preview:large, max-video-preview:-1\" \/>\n<link rel=\"canonical\" href=\"https:\/\/klimaatcoalitie-coalitionclimat.be\/fr\/je-decouvre\/\" \/>\n<meta property=\"og:locale\" content=\"fr_FR\" \/>\n<meta property=\"og:type\" content=\"article\" \/>\n<meta property=\"og:title\" content=\"Je d\u00e9couvre - Coalition Climat\" \/>\n<meta property=\"og:description\" content=\"Quand ?&nbsp; En 2025, c&rsquo;est s\u00fbr ! Restons en contact via&nbsp;ce formulaire. On vous enverra des nouvelles d\u00e8s que c&rsquo;est pr\u00eat ! O\u00f9 \u00e7a se passe ?\u00a0 Dans votre \u00e9cole, [&hellip;]\" \/>\n<meta property=\"og:url\" content=\"https:\/\/klimaatcoalitie-coalitionclimat.be\/fr\/je-decouvre\/\" \/>\n<meta property=\"og:site_name\" content=\"Coalition Climat\" \/>\n<meta property=\"article:modified_time\" content=\"2025-02-28T12:49:41+00:00\" \/>\n<meta name=\"twitter:card\" content=\"summary_large_image\" \/>\n<meta name=\"twitter:label1\" content=\"Dur\u00e9e de lecture estim\u00e9e\" \/>\n\t<meta name=\"twitter:data1\" content=\"1 minute\" \/>\n<script type=\"application\/ld+json\" class=\"yoast-schema-graph\">{\"@context\":\"https:\/\/schema.org\",\"@graph\":[{\"@type\":\"WebPage\",\"@id\":\"https:\/\/klimaatcoalitie-coalitionclimat.be\/fr\/je-decouvre\/\",\"url\":\"https:\/\/klimaatcoalitie-coalitionclimat.be\/fr\/je-decouvre\/\",\"name\":\"Je d\u00e9couvre - Coalition Climat\",\"isPartOf\":{\"@id\":\"https:\/\/klimaatcoalitie-coalitionclimat.be\/fr\/#website\"},\"datePublished\":\"2023-09-07T15:55:38+00:00\",\"dateModified\":\"2025-02-28T12:49:41+00:00\",\"breadcrumb\":{\"@id\":\"https:\/\/klimaatcoalitie-coalitionclimat.be\/fr\/je-decouvre\/#breadcrumb\"},\"inLanguage\":\"fr-FR\",\"potentialAction\":[{\"@type\":\"ReadAction\",\"target\":[\"https:\/\/klimaatcoalitie-coalitionclimat.be\/fr\/je-decouvre\/\"]}]},{\"@type\":\"BreadcrumbList\",\"@id\":\"https:\/\/klimaatcoalitie-coalitionclimat.be\/fr\/je-decouvre\/#breadcrumb\",\"itemListElement\":[{\"@type\":\"ListItem\",\"position\":1,\"name\":\"Accueil\",\"item\":\"https:\/\/klimaatcoalitie-coalitionclimat.be\/fr\/\"},{\"@type\":\"ListItem\",\"position\":2,\"name\":\"Je d\u00e9couvre\"}]},{\"@type\":\"WebSite\",\"@id\":\"https:\/\/klimaatcoalitie-coalitionclimat.be\/fr\/#website\",\"url\":\"https:\/\/klimaatcoalitie-coalitionclimat.be\/fr\/\",\"name\":\"Coalition Climat\",\"description\":\"Verenigt, versterkt en mobiliseert iedereen in Belgi&euml; die ijvert voor een leefbaar klimaat.\",\"publisher\":{\"@id\":\"https:\/\/klimaatcoalitie-coalitionclimat.be\/fr\/#organization\"},\"potentialAction\":[{\"@type\":\"SearchAction\",\"target\":{\"@type\":\"EntryPoint\",\"urlTemplate\":\"https:\/\/klimaatcoalitie-coalitionclimat.be\/fr\/?s={search_term_string}\"},\"query-input\":{\"@type\":\"PropertyValueSpecification\",\"valueRequired\":true,\"valueName\":\"search_term_string\"}}],\"inLanguage\":\"fr-FR\"},{\"@type\":\"Organization\",\"@id\":\"https:\/\/klimaatcoalitie-coalitionclimat.be\/fr\/#organization\",\"name\":\"Coalition Climat\",\"url\":\"https:\/\/klimaatcoalitie-coalitionclimat.be\/fr\/\",\"logo\":{\"@type\":\"ImageObject\",\"inLanguage\":\"fr-FR\",\"@id\":\"https:\/\/klimaatcoalitie-coalitionclimat.be\/fr\/#\/schema\/logo\/image\/\",\"url\":\"https:\/\/klimaatcoalitie-coalitionclimat.be\/wp-content\/uploads\/2023\/07\/logo-sticker-full.svg\",\"contentUrl\":\"https:\/\/klimaatcoalitie-coalitionclimat.be\/wp-content\/uploads\/2023\/07\/logo-sticker-full.svg\",\"width\":297,\"height\":98,\"caption\":\"Coalition Climat\"},\"image\":{\"@id\":\"https:\/\/klimaatcoalitie-coalitionclimat.be\/fr\/#\/schema\/logo\/image\/\"}}]}<\/script>\n<!-- \/ Yoast SEO plugin. -->","yoast_head_json":{"title":"Je d\u00e9couvre - Coalition Climat","robots":{"index":"index","follow":"follow","max-snippet":"max-snippet:-1","max-image-preview":"max-image-preview:large","max-video-preview":"max-video-preview:-1"},"canonical":"https:\/\/klimaatcoalitie-coalitionclimat.be\/fr\/je-decouvre\/","og_locale":"fr_FR","og_type":"article","og_title":"Je d\u00e9couvre - Coalition Climat","og_description":"Quand ?&nbsp; En 2025, c&rsquo;est s\u00fbr ! Restons en contact via&nbsp;ce formulaire. On vous enverra des nouvelles d\u00e8s que c&rsquo;est pr\u00eat ! O\u00f9 \u00e7a se passe ?\u00a0 Dans votre \u00e9cole, [&hellip;]","og_url":"https:\/\/klimaatcoalitie-coalitionclimat.be\/fr\/je-decouvre\/","og_site_name":"Coalition Climat","article_modified_time":"2025-02-28T12:49:41+00:00","twitter_card":"summary_large_image","twitter_misc":{"Dur\u00e9e de lecture estim\u00e9e":"1 minute"},"schema":{"@context":"https:\/\/schema.org","@graph":[{"@type":"WebPage","@id":"https:\/\/klimaatcoalitie-coalitionclimat.be\/fr\/je-decouvre\/","url":"https:\/\/klimaatcoalitie-coalitionclimat.be\/fr\/je-decouvre\/","name":"Je d\u00e9couvre - Coalition Climat","isPartOf":{"@id":"https:\/\/klimaatcoalitie-coalitionclimat.be\/fr\/#website"},"datePublished":"2023-09-07T15:55:38+00:00","dateModified":"2025-02-28T12:49:41+00:00","breadcrumb":{"@id":"https:\/\/klimaatcoalitie-coalitionclimat.be\/fr\/je-decouvre\/#breadcrumb"},"inLanguage":"fr-FR","potentialAction":[{"@type":"ReadAction","target":["https:\/\/klimaatcoalitie-coalitionclimat.be\/fr\/je-decouvre\/"]}]},{"@type":"BreadcrumbList","@id":"https:\/\/klimaatcoalitie-coalitionclimat.be\/fr\/je-decouvre\/#breadcrumb","itemListElement":[{"@type":"ListItem","position":1,"name":"Accueil","item":"https:\/\/klimaatcoalitie-coalitionclimat.be\/fr\/"},{"@type":"ListItem","position":2,"name":"Je d\u00e9couvre"}]},{"@type":"WebSite","@id":"https:\/\/klimaatcoalitie-coalitionclimat.be\/fr\/#website","url":"https:\/\/klimaatcoalitie-coalitionclimat.be\/fr\/","name":"Coalition Climat","description":"Verenigt, versterkt en mobiliseert iedereen in Belgi&euml; die ijvert voor een leefbaar klimaat.","publisher":{"@id":"https:\/\/klimaatcoalitie-coalitionclimat.be\/fr\/#organization"},"potentialAction":[{"@type":"SearchAction","target":{"@type":"EntryPoint","urlTemplate":"https:\/\/klimaatcoalitie-coalitionclimat.be\/fr\/?s={search_term_string}"},"query-input":{"@type":"PropertyValueSpecification","valueRequired":true,"valueName":"search_term_string"}}],"inLanguage":"fr-FR"},{"@type":"Organization","@id":"https:\/\/klimaatcoalitie-coalitionclimat.be\/fr\/#organization","name":"Coalition Climat","url":"https:\/\/klimaatcoalitie-coalitionclimat.be\/fr\/","logo":{"@type":"ImageObject","inLanguage":"fr-FR","@id":"https:\/\/klimaatcoalitie-coalitionclimat.be\/fr\/#\/schema\/logo\/image\/","url":"https:\/\/klimaatcoalitie-coalitionclimat.be\/wp-content\/uploads\/2023\/07\/logo-sticker-full.svg","contentUrl":"https:\/\/klimaatcoalitie-coalitionclimat.be\/wp-content\/uploads\/2023\/07\/logo-sticker-full.svg","width":297,"height":98,"caption":"Coalition Climat"},"image":{"@id":"https:\/\/klimaatcoalitie-coalitionclimat.be\/fr\/#\/schema\/logo\/image\/"}}]}},"_links":{"self":[{"href":"https:\/\/klimaatcoalitie-coalitionclimat.be\/fr\/wp-json\/wp\/v2\/pages\/1773","targetHints":{"allow":["GET"]}}],"collection":[{"href":"https:\/\/klimaatcoalitie-coalitionclimat.be\/fr\/wp-json\/wp\/v2\/pages"}],"about":[{"href":"https:\/\/klimaatcoalitie-coalitionclimat.be\/fr\/wp-json\/wp\/v2\/types\/page"}],"author":[{"embeddable":true,"href":"https:\/\/klimaatcoalitie-coalitionclimat.be\/fr\/wp-json\/wp\/v2\/users\/1"}],"replies":[{"embeddable":true,"href":"https:\/\/klimaatcoalitie-coalitionclimat.be\/fr\/wp-json\/wp\/v2\/comments?post=1773"}],"version-history":[{"count":10,"href":"https:\/\/klimaatcoalitie-coalitionclimat.be\/fr\/wp-json\/wp\/v2\/pages\/1773\/revisions"}],"predecessor-version":[{"id":9167,"href":"https:\/\/klimaatcoalitie-coalitionclimat.be\/fr\/wp-json\/wp\/v2\/pages\/1773\/revisions\/9167"}],"wp:attachment":[{"href":"https:\/\/klimaatcoalitie-coalitionclimat.be\/fr\/wp-json\/wp\/v2\/media?parent=1773"}],"curies":[{"name":"wp","href":"https:\/\/api.w.org\/{rel}","templated":true}]}}