{"id":10585,"date":"2023-12-21T08:55:50","date_gmt":"2023-12-21T07:55:50","guid":{"rendered":"https:\/\/klimaatcoalitie.be\/?page_id=10585"},"modified":"2025-08-25T10:14:11","modified_gmt":"2025-08-25T08:14:11","slug":"politique-en-matiere-de-cookies","status":"publish","type":"page","link":"https:\/\/klimaatcoalitie-coalitionclimat.be\/fr\/politique-en-matiere-de-cookies\/","title":{"rendered":"Politique en mati\u00e8re de cookies"},"content":{"rendered":"\n<p>Cette politique en mati\u00e8re de cookies a \u00e9t\u00e9 mise \u00e0 jour pour la derni\u00e8re fois le <strong>26 septembre 2024<\/strong> et s\u2019applique aux citoyens et r\u00e9sidents permanents l\u00e9gaux de l\u2019Espace \u00e9conomique europ\u00e9en et de la Suisse.<\/p>\n\n\n\n<hr class=\"wp-block-separator has-alpha-channel-opacity\"\/>\n\n\n<h2 class=\"wp-block-heading\" id=\"1-introduction\">1. Introduction<\/h2>\n\n\n<p>Sur notre site, <a href=\"https:\/klimaatcoalitie-coalitionclimat.be\" target=\"_blank\" rel=\"noreferrer noopener\">https:\/\/klimaatcoalitie-coalitionclimat.be<\/a> (ci-apr\u00e8s : \u00ab le site \u00bb), nous utilisons des cookies et autres techniques similaires. (Pour plus de simplicit\u00e9, nous appelons l\u2019ensemble de ces techniques \u00ab cookies \u00bb). Des cookies peuvent \u00e9galement \u00eatre plac\u00e9s par des tiers mandat\u00e9s par nos soins. Le pr\u00e9sent document vous informe sur l\u2019utilisation des cookies sur notre site.<\/p>\n\n\n\n<hr class=\"wp-block-separator has-alpha-channel-opacity\"\/>\n\n\n<h2 class=\"wp-block-heading\" id=\"2-que-sont-les-cookies\">2. Que sont les cookies ?<\/h2>\n\n\n<p>Un cookie est un petit fichier simple envoy\u00e9 avec les pages de ce site et stock\u00e9 par votre navigateur sur le disque dur de votre ordinateur ou autre appareil. Les informations qui y sont enregistr\u00e9es peuvent \u00eatre renvoy\u00e9es \u00e0 nos serveurs ou \u00e0 ceux des tiers concern\u00e9s lors d\u2019une visite ult\u00e9rieure.<\/p>\n\n\n\n<hr class=\"wp-block-separator has-alpha-channel-opacity\"\/>\n\n\n<h2 class=\"wp-block-heading\" id=\"3-que-sont-les-scripts\">3. Que sont les scripts ?<\/h2>\n\n\n<p>Un script est un petit morceau de code utilis\u00e9 pour que notre site fonctionne correctement et de mani\u00e8re interactive. Ce code s\u2019ex\u00e9cute sur notre serveur ou sur votre appareil.<\/p>\n\n\n\n<hr class=\"wp-block-separator has-alpha-channel-opacity\"\/>\n\n\n<h2 class=\"wp-block-heading\" id=\"4-questce-quun-web-beacon\">4. Qu\u2019est-ce qu\u2019un web beacon ?<\/h2>\n\n\n<p>Un web beacon (ou balise pixel) est un petit fragment de texte ou d\u2019image invisible sur un site, utilis\u00e9 pour cartographier le trafic. Gr\u00e2ce \u00e0 ces balises, certaines donn\u00e9es vous concernant peuvent \u00eatre enregistr\u00e9es.<\/p>\n\n\n\n<hr class=\"wp-block-separator has-alpha-channel-opacity\"\/>\n\n\n<h2 class=\"wp-block-heading\" id=\"5-cookies\">5. Cookies<\/h2>\n\n<h3 class=\"wp-block-heading\" id=\"51-cookies-techniques-ou-fonctionnels\">5.1 Cookies techniques ou fonctionnels<\/h3>\n\n\n<p>Certains cookies garantissent le bon fonctionnement de certaines parties du site et la m\u00e9morisation de vos pr\u00e9f\u00e9rences d\u2019utilisateur. Cela permet par exemple que les articles ajout\u00e9s dans votre panier soient conserv\u00e9s jusqu\u2019au paiement. Ces cookies peuvent \u00eatre plac\u00e9s sans votre consentement.<\/p>\n\n\n<h3 class=\"wp-block-heading\" id=\"52-cookies-de-statistiques\">5.2 Cookies de statistiques<\/h3>\n\n\n<p>Nous utilisons des cookies de statistiques afin d\u2019optimiser l\u2019exp\u00e9rience utilisateur. Ils nous permettent d\u2019avoir un aper\u00e7u de l\u2019utilisation du site. Votre consentement est requis pour les placer.<\/p>\n\n\n<h3 class=\"wp-block-heading\" id=\"53-cookies-marketing-de-suivi\">5.3 Cookies marketing \/ de suivi<\/h3>\n\n\n<p>Ces cookies (ou autres formes de stockage local) permettent de cr\u00e9er des profils utilisateurs afin d\u2019afficher des publicit\u00e9s cibl\u00e9es ou de suivre les utilisateurs sur diff\u00e9rents sites \u00e0 des fins de marketing similaire.<\/p>\n\n\n<h3 class=\"wp-block-heading\" id=\"54-reseaux-sociaux\">5.4 R\u00e9seaux sociaux<\/h3>\n\n\n<p>Nous int\u00e9grons des contenus de Facebook, LinkedIn, Instagram et TikTok pour promouvoir ou partager nos pages. Ces contenus int\u00e8grent du code fourni par ces plateformes, qui place des cookies et peut stocker certaines informations pour des publicit\u00e9s personnalis\u00e9es. Consultez leurs politiques de confidentialit\u00e9 pour en savoir plus.<\/p>\n\n\n\n<hr class=\"wp-block-separator has-alpha-channel-opacity\"\/>\n\n\n<h2 class=\"wp-block-heading\" id=\"6-cookies-places\">6. Cookies plac\u00e9s<\/h2>\n\n\n<ul class=\"wp-block-list\">\n<li><strong>WordPress<\/strong> \u2013 fonctionnel<\/li>\n\n\n\n<li><strong>Jetpack<\/strong> \u2013 statistiques<\/li>\n\n\n\n<li><strong>Google Analytics<\/strong> \u2013 statistiques<\/li>\n\n\n\n<li><strong>Polylang<\/strong> \u2013 fonctionnel<\/li>\n\n\n\n<li><strong>Complianz<\/strong> \u2013 fonctionnel<\/li>\n\n\n\n<li><strong>LiteSpeed<\/strong> \u2013 fonctionnel<\/li>\n\n\n\n<li><strong>Wordfence<\/strong> \u2013 fonctionnel<\/li>\n\n\n\n<li><strong>AddThis<\/strong> \u2013 statistiques, marketing, fonctionnel<\/li>\n\n\n\n<li><strong>Criteo<\/strong> \u2013 fonctionnel<\/li>\n\n\n\n<li><strong>Google Fonts<\/strong> \u2013 marketing<\/li>\n\n\n\n<li><strong>Google reCAPTCHA<\/strong> \u2013 marketing<\/li>\n\n\n\n<li><strong>Google Maps<\/strong> \u2013 marketing<\/li>\n\n\n\n<li><strong>YouTube<\/strong> \u2013 marketing<\/li>\n\n\n\n<li><strong>Facebook<\/strong> \u2013 marketing, fonctionnel<\/li>\n\n\n\n<li><strong>LinkedIn<\/strong> \u2013 fonctionnel, marketing, statistiques, pr\u00e9f\u00e9rences<\/li>\n\n\n\n<li><strong>TikTok<\/strong> \u2013 marketing, fonctionnel<\/li>\n\n\n\n<li><strong>Divers<\/strong> \u2013 objectif en cours d\u2019\u00e9tude<\/li>\n<\/ul>\n\n\n\n<hr class=\"wp-block-separator has-alpha-channel-opacity\"\/>\n\n\n<h2 class=\"wp-block-heading\" id=\"7-consentement\">7. Consentement<\/h2>\n\n\n<p>Lors de votre premi\u00e8re visite sur notre site, une fen\u00eatre pop-up vous informe sur l\u2019utilisation des cookies. En cliquant sur \u00ab Enregistrer les pr\u00e9f\u00e9rences \u00bb, vous acceptez les cat\u00e9gories de cookies s\u00e9lectionn\u00e9es dans cette fen\u00eatre. Vous pouvez \u00e9galement d\u00e9sactiver les cookies via votre navigateur, mais cela peut limiter le bon fonctionnement du site.<\/p>\n\n\n\n<hr class=\"wp-block-separator has-alpha-channel-opacity\"\/>\n\n\n<h2 class=\"wp-block-heading\" id=\"8-activationdesactivation-et-suppression-des-cookies\">8. Activation\/d\u00e9sactivation et suppression des cookies<\/h2>\n\n\n<p>Vous pouvez utiliser votre navigateur pour supprimer automatiquement ou manuellement les cookies, ou pour refuser certains cookies. Vous pouvez aussi configurer votre navigateur afin qu\u2019il vous avertisse \u00e0 chaque fois qu\u2019un cookie est plac\u00e9. Attention : si tous les cookies sont d\u00e9sactiv\u00e9s, notre site pourrait ne pas fonctionner de mani\u00e8re optimale.<\/p>\n\n\n\n<hr class=\"wp-block-separator has-alpha-channel-opacity\"\/>\n\n\n<h2 class=\"wp-block-heading\" id=\"9-vos-droits-relatifs-aux-donnees-personnelles\">9. Vos droits relatifs aux donn\u00e9es personnelles<\/h2>\n\n\n<p>Vous disposez des droits suivants :<\/p>\n\n\n\n<ul class=\"wp-block-list\">\n<li>Droit \u00e0 l\u2019information : savoir pourquoi vos donn\u00e9es personnelles sont utilis\u00e9es, ce qu\u2019il en est fait et combien de temps elles sont conserv\u00e9es.<\/li>\n\n\n\n<li>Droit d\u2019acc\u00e8s : demander \u00e0 consulter les donn\u00e9es que nous traitons.<\/li>\n\n\n\n<li>Droit de rectification et de suppression : compl\u00e9ter, corriger, supprimer ou bloquer vos donn\u00e9es \u00e0 tout moment.<\/li>\n\n\n\n<li>Droit de retirer votre consentement.<\/li>\n\n\n\n<li>Droit \u00e0 la portabilit\u00e9 : obtenir vos donn\u00e9es dans un format lisible et transmissible.<\/li>\n\n\n\n<li>Droit d\u2019opposition au traitement : sauf raisons l\u00e9gitimes, nous y donnerons suite.<\/li>\n<\/ul>\n\n\n\n<p>Pour exercer ces droits, contactez-nous via les coordonn\u00e9es ci-dessous. Vous avez \u00e9galement le droit de d\u00e9poser une plainte aupr\u00e8s de l\u2019autorit\u00e9 de contr\u00f4le (Autorit\u00e9 de protection des donn\u00e9es).<\/p>\n\n\n\n<hr class=\"wp-block-separator has-alpha-channel-opacity\"\/>\n\n\n<h2 class=\"wp-block-heading\" id=\"10-contact\">10. Contact<\/h2>\n\n\n<p>Coalition Climat Asbl-Klimaatcoalite Vzw<br>Rue des Deux \u00c9glises, 47<br>1000 Bruxelles \u2013 Belgique<br>Site : <a href=\"https:\/\/klimaatcoalitie-coalitionclimat.be\" target=\"_blank\" rel=\"noreferrer noopener\">https:\/\/klimaatcoalitie-coalitionclimat.be<\/a><br>E-mail : <a href=\"http:\/\/@amandine@klimaatcoalitie-coalitionclimat.be\" target=\"_blank\" rel=\"noreferrer noopener\">amandine@klimaatcoalitie-klimaatcoalitie-coalitionclimat.be<\/a><\/p>\n\n\n\n<hr class=\"wp-block-separator has-alpha-channel-opacity\"\/>\n\n\n\n<p>&#x2139;&#xfe0f; Ce cookie policy est synchronis\u00e9 avec cookiedatabase.org au <strong>21 d\u00e9cembre 2023<\/strong>.<\/p>\n","protected":false},"excerpt":{"rendered":"<p>Cette politique en mati\u00e8re de cookies a \u00e9t\u00e9 mise \u00e0 jour pour la derni\u00e8re fois le 26 septembre 2024 et s\u2019applique aux citoyens et r\u00e9sidents permanents l\u00e9gaux de l\u2019Espace \u00e9conomique [&hellip;]<\/p>\n","protected":false},"author":9,"featured_media":0,"parent":0,"menu_order":0,"comment_status":"closed","ping_status":"closed","template":"template-full-width-narrow.php","meta":{"_acf_changed":false,"inline_featured_image":false,"_EventAllDay":false,"_EventTimezone":"","_EventStartDate":"","_EventEndDate":"","_EventStartDateUTC":"","_EventEndDateUTC":"","_EventShowMap":false,"_EventShowMapLink":false,"_EventURL":"","_EventCost":"","_EventCostDescription":"","_EventCurrencySymbol":"","_EventCurrencyCode":"","_EventCurrencyPosition":"","_EventDateTimeSeparator":"","_EventTimeRangeSeparator":"","_EventOrganizerID":[],"_EventVenueID":[],"_OrganizerEmail":"","_OrganizerPhone":"","_OrganizerWebsite":"","_VenueAddress":"","_VenueCity":"","_VenueCountry":"","_VenueProvince":"","_VenueState":"","_VenueZip":"","_VenuePhone":"","_VenueURL":"","_VenueStateProvince":"","_VenueLat":"","_VenueLng":"","_VenueShowMap":false,"_VenueShowMapLink":false,"footnotes":""},"class_list":["post-10585","page","type-page","status-publish","hentry"],"acf":[],"yoast_head":"<!-- This site is optimized with the Yoast SEO plugin v27.2 - https:\/\/yoast.com\/product\/yoast-seo-wordpress\/ -->\n<title>Politique en mati\u00e8re de cookies - Coalition Climat<\/title>\n<meta name=\"robots\" content=\"index, follow, max-snippet:-1, max-image-preview:large, max-video-preview:-1\" \/>\n<link rel=\"canonical\" href=\"https:\/\/klimaatcoalitie-coalitionclimat.be\/fr\/politique-en-matiere-de-cookies\/\" \/>\n<meta property=\"og:locale\" content=\"fr_FR\" \/>\n<meta property=\"og:type\" content=\"article\" \/>\n<meta property=\"og:title\" content=\"Politique en mati\u00e8re de cookies - Coalition Climat\" \/>\n<meta property=\"og:description\" content=\"Cette politique en mati\u00e8re de cookies a \u00e9t\u00e9 mise \u00e0 jour pour la derni\u00e8re fois le 26 septembre 2024 et s\u2019applique aux citoyens et r\u00e9sidents permanents l\u00e9gaux de l\u2019Espace \u00e9conomique [&hellip;]\" \/>\n<meta property=\"og:url\" content=\"https:\/\/klimaatcoalitie-coalitionclimat.be\/fr\/politique-en-matiere-de-cookies\/\" \/>\n<meta property=\"og:site_name\" content=\"Coalition Climat\" \/>\n<meta property=\"article:modified_time\" content=\"2025-08-25T08:14:11+00:00\" \/>\n<meta name=\"twitter:card\" content=\"summary_large_image\" \/>\n<meta name=\"twitter:label1\" content=\"Dur\u00e9e de lecture estim\u00e9e\" \/>\n\t<meta name=\"twitter:data1\" content=\"4 minutes\" \/>\n<script type=\"application\/ld+json\" class=\"yoast-schema-graph\">{\"@context\":\"https:\/\/schema.org\",\"@graph\":[{\"@type\":\"WebPage\",\"@id\":\"https:\/\/klimaatcoalitie-coalitionclimat.be\/fr\/politique-en-matiere-de-cookies\/\",\"url\":\"https:\/\/klimaatcoalitie-coalitionclimat.be\/fr\/politique-en-matiere-de-cookies\/\",\"name\":\"Politique en mati\u00e8re de cookies - Coalition Climat\",\"isPartOf\":{\"@id\":\"https:\/\/klimaatcoalitie-coalitionclimat.be\/fr\/#website\"},\"datePublished\":\"2023-12-21T07:55:50+00:00\",\"dateModified\":\"2025-08-25T08:14:11+00:00\",\"breadcrumb\":{\"@id\":\"https:\/\/klimaatcoalitie-coalitionclimat.be\/fr\/politique-en-matiere-de-cookies\/#breadcrumb\"},\"inLanguage\":\"fr-FR\",\"potentialAction\":[{\"@type\":\"ReadAction\",\"target\":[\"https:\/\/klimaatcoalitie-coalitionclimat.be\/fr\/politique-en-matiere-de-cookies\/\"]}]},{\"@type\":\"BreadcrumbList\",\"@id\":\"https:\/\/klimaatcoalitie-coalitionclimat.be\/fr\/politique-en-matiere-de-cookies\/#breadcrumb\",\"itemListElement\":[{\"@type\":\"ListItem\",\"position\":1,\"name\":\"Accueil\",\"item\":\"https:\/\/klimaatcoalitie-coalitionclimat.be\/fr\/\"},{\"@type\":\"ListItem\",\"position\":2,\"name\":\"Politique en mati\u00e8re de cookies\"}]},{\"@type\":\"WebSite\",\"@id\":\"https:\/\/klimaatcoalitie-coalitionclimat.be\/fr\/#website\",\"url\":\"https:\/\/klimaatcoalitie-coalitionclimat.be\/fr\/\",\"name\":\"Coalition Climat\",\"description\":\"Verenigt, versterkt en mobiliseert iedereen in Belgi&euml; die ijvert voor een leefbaar klimaat.\",\"publisher\":{\"@id\":\"https:\/\/klimaatcoalitie-coalitionclimat.be\/fr\/#organization\"},\"potentialAction\":[{\"@type\":\"SearchAction\",\"target\":{\"@type\":\"EntryPoint\",\"urlTemplate\":\"https:\/\/klimaatcoalitie-coalitionclimat.be\/fr\/?s={search_term_string}\"},\"query-input\":{\"@type\":\"PropertyValueSpecification\",\"valueRequired\":true,\"valueName\":\"search_term_string\"}}],\"inLanguage\":\"fr-FR\"},{\"@type\":\"Organization\",\"@id\":\"https:\/\/klimaatcoalitie-coalitionclimat.be\/fr\/#organization\",\"name\":\"Coalition Climat\",\"url\":\"https:\/\/klimaatcoalitie-coalitionclimat.be\/fr\/\",\"logo\":{\"@type\":\"ImageObject\",\"inLanguage\":\"fr-FR\",\"@id\":\"https:\/\/klimaatcoalitie-coalitionclimat.be\/fr\/#\/schema\/logo\/image\/\",\"url\":\"https:\/\/klimaatcoalitie-coalitionclimat.be\/wp-content\/uploads\/2023\/07\/logo-sticker-full.svg\",\"contentUrl\":\"https:\/\/klimaatcoalitie-coalitionclimat.be\/wp-content\/uploads\/2023\/07\/logo-sticker-full.svg\",\"width\":297,\"height\":98,\"caption\":\"Coalition Climat\"},\"image\":{\"@id\":\"https:\/\/klimaatcoalitie-coalitionclimat.be\/fr\/#\/schema\/logo\/image\/\"}}]}<\/script>\n<!-- \/ Yoast SEO plugin. -->","yoast_head_json":{"title":"Politique en mati\u00e8re de cookies - Coalition Climat","robots":{"index":"index","follow":"follow","max-snippet":"max-snippet:-1","max-image-preview":"max-image-preview:large","max-video-preview":"max-video-preview:-1"},"canonical":"https:\/\/klimaatcoalitie-coalitionclimat.be\/fr\/politique-en-matiere-de-cookies\/","og_locale":"fr_FR","og_type":"article","og_title":"Politique en mati\u00e8re de cookies - Coalition Climat","og_description":"Cette politique en mati\u00e8re de cookies a \u00e9t\u00e9 mise \u00e0 jour pour la derni\u00e8re fois le 26 septembre 2024 et s\u2019applique aux citoyens et r\u00e9sidents permanents l\u00e9gaux de l\u2019Espace \u00e9conomique [&hellip;]","og_url":"https:\/\/klimaatcoalitie-coalitionclimat.be\/fr\/politique-en-matiere-de-cookies\/","og_site_name":"Coalition Climat","article_modified_time":"2025-08-25T08:14:11+00:00","twitter_card":"summary_large_image","twitter_misc":{"Dur\u00e9e de lecture estim\u00e9e":"4 minutes"},"schema":{"@context":"https:\/\/schema.org","@graph":[{"@type":"WebPage","@id":"https:\/\/klimaatcoalitie-coalitionclimat.be\/fr\/politique-en-matiere-de-cookies\/","url":"https:\/\/klimaatcoalitie-coalitionclimat.be\/fr\/politique-en-matiere-de-cookies\/","name":"Politique en mati\u00e8re de cookies - Coalition Climat","isPartOf":{"@id":"https:\/\/klimaatcoalitie-coalitionclimat.be\/fr\/#website"},"datePublished":"2023-12-21T07:55:50+00:00","dateModified":"2025-08-25T08:14:11+00:00","breadcrumb":{"@id":"https:\/\/klimaatcoalitie-coalitionclimat.be\/fr\/politique-en-matiere-de-cookies\/#breadcrumb"},"inLanguage":"fr-FR","potentialAction":[{"@type":"ReadAction","target":["https:\/\/klimaatcoalitie-coalitionclimat.be\/fr\/politique-en-matiere-de-cookies\/"]}]},{"@type":"BreadcrumbList","@id":"https:\/\/klimaatcoalitie-coalitionclimat.be\/fr\/politique-en-matiere-de-cookies\/#breadcrumb","itemListElement":[{"@type":"ListItem","position":1,"name":"Accueil","item":"https:\/\/klimaatcoalitie-coalitionclimat.be\/fr\/"},{"@type":"ListItem","position":2,"name":"Politique en mati\u00e8re de cookies"}]},{"@type":"WebSite","@id":"https:\/\/klimaatcoalitie-coalitionclimat.be\/fr\/#website","url":"https:\/\/klimaatcoalitie-coalitionclimat.be\/fr\/","name":"Coalition Climat","description":"Verenigt, versterkt en mobiliseert iedereen in Belgi&euml; die ijvert voor een leefbaar klimaat.","publisher":{"@id":"https:\/\/klimaatcoalitie-coalitionclimat.be\/fr\/#organization"},"potentialAction":[{"@type":"SearchAction","target":{"@type":"EntryPoint","urlTemplate":"https:\/\/klimaatcoalitie-coalitionclimat.be\/fr\/?s={search_term_string}"},"query-input":{"@type":"PropertyValueSpecification","valueRequired":true,"valueName":"search_term_string"}}],"inLanguage":"fr-FR"},{"@type":"Organization","@id":"https:\/\/klimaatcoalitie-coalitionclimat.be\/fr\/#organization","name":"Coalition Climat","url":"https:\/\/klimaatcoalitie-coalitionclimat.be\/fr\/","logo":{"@type":"ImageObject","inLanguage":"fr-FR","@id":"https:\/\/klimaatcoalitie-coalitionclimat.be\/fr\/#\/schema\/logo\/image\/","url":"https:\/\/klimaatcoalitie-coalitionclimat.be\/wp-content\/uploads\/2023\/07\/logo-sticker-full.svg","contentUrl":"https:\/\/klimaatcoalitie-coalitionclimat.be\/wp-content\/uploads\/2023\/07\/logo-sticker-full.svg","width":297,"height":98,"caption":"Coalition Climat"},"image":{"@id":"https:\/\/klimaatcoalitie-coalitionclimat.be\/fr\/#\/schema\/logo\/image\/"}}]}},"_links":{"self":[{"href":"https:\/\/klimaatcoalitie-coalitionclimat.be\/fr\/wp-json\/wp\/v2\/pages\/10585","targetHints":{"allow":["GET"]}}],"collection":[{"href":"https:\/\/klimaatcoalitie-coalitionclimat.be\/fr\/wp-json\/wp\/v2\/pages"}],"about":[{"href":"https:\/\/klimaatcoalitie-coalitionclimat.be\/fr\/wp-json\/wp\/v2\/types\/page"}],"author":[{"embeddable":true,"href":"https:\/\/klimaatcoalitie-coalitionclimat.be\/fr\/wp-json\/wp\/v2\/users\/9"}],"replies":[{"embeddable":true,"href":"https:\/\/klimaatcoalitie-coalitionclimat.be\/fr\/wp-json\/wp\/v2\/comments?post=10585"}],"version-history":[{"count":3,"href":"https:\/\/klimaatcoalitie-coalitionclimat.be\/fr\/wp-json\/wp\/v2\/pages\/10585\/revisions"}],"predecessor-version":[{"id":10589,"href":"https:\/\/klimaatcoalitie-coalitionclimat.be\/fr\/wp-json\/wp\/v2\/pages\/10585\/revisions\/10589"}],"wp:attachment":[{"href":"https:\/\/klimaatcoalitie-coalitionclimat.be\/fr\/wp-json\/wp\/v2\/media?parent=10585"}],"curies":[{"name":"wp","href":"https:\/\/api.w.org\/{rel}","templated":true}]}}